{"id":973,"date":"2018-01-02T19:42:19","date_gmt":"2018-01-02T18:42:19","guid":{"rendered":"https:\/\/www.medicalanthropology.de\/english\/?page_id=973"},"modified":"2018-11-04T20:57:47","modified_gmt":"2018-11-04T19:57:47","slug":"falge-christiane","status":"publish","type":"page","link":"https:\/\/www.medicalanthropology.de\/english\/members\/d-j\/falge-christiane\/","title":{"rendered":"Falge, Christiane"},"content":{"rendered":"<p><span style=\"color: black; font-family: Verdana,Georgia,Arial;\"><a href=\"mailto:christiane.falge[at]hs-gesundheit.de\">christiane.falge[at]hs-gesundheit.de<\/a><\/span><\/p>\n<p><span style=\"color: black; font-family: Verdana,Georgia,Arial;\">Christiane Falge ist seit 2014 Professorin f\u00fcr Gesundheit und Diversity am Department of Community Health der Hochschule f\u00fcr Gesundheit Bochum. Als Medizinethnologin geh\u00f6rt f\u00fcr sie die Sensibilisierung f\u00fcr unterschiedliche Vorstellungen von Gesundheit, Krankheit und Heilung zum zentralen Gegenstand ihrer Lehre und Forschung und stellt das biomedizinische Heilsystem nur eines vieler medizinischer Systeme dar. Ihre bisherigen Berufs-, Forschungs-und Lehrerfahrungen erstrecken sich \u00fcber die Themen Transnationale Migration, Ethnizit\u00e4t, Gender und urbane Diversit\u00e4t. Sie f\u00fchrte Feldforschungen in \u00c4thiopien (1998, 2001-2004), den USA (2004), Bremen (2005-2009) und England (2009: Manchester\/Hull\/ Sheffield) durch. Falge arbeitete bis August 2014 als Research Fellow am Institut f\u00fcr Interkulturelle Studien und Internationale Entwicklung in Bremen. Von 2005 &#8211; 2009 leitete sie das Forschungsprojekt \u201eGiving New Subjects a Voice: Cultural Diversity in the Health System.\u201c der Volkswagenstiftung. Im Jahr 1997 hat sie ihren Master of Arts in \u201eSocial Anthropology\u201c an der Universit\u00e4t Addis Abeba in \u00c4thiopien absolviert und im Oktober 1998 ihren Magister im Fach Ethnologie an der Universit\u00e4t Hamburg. Ihre beiden Monografien erschienen 2015: The global Nuer. Transnational Life-Worlds, Religious Movements and War. R\u00fcdiger K\u00f6ppe Verlag und 2012: Migrants and Health. Political and Institutional Responses to Cultural Diversity in Health Systems. Ashgate Publishing. (in Ko-Autorenschaft mit Schmidtke, O. und Ruzza, C.).<\/span><\/p>\n<p>&nbsp;<\/p>\n<p><strong><span style=\"color: black; font-family: Verdana,Georgia,Arial;\">Forschungsinteressen<\/span><\/strong><\/p>\n<p><span style=\"color: black; font-family: Verdana,Georgia,Arial;\">Culture, Health and Wellbeing; Health Vulnerabilities; Collaborative Health Research, Transnational migration<\/span><\/p>\n<p>&nbsp;<\/p>\n<p><strong><span style=\"color: black; font-family: Verdana,Georgia,Arial;\">Forschungsgebiet(e)<\/span><\/strong><\/p>\n<p><span style=\"color: black; font-family: Verdana,Georgia,Arial;\">Eastafrica (Ethiopie, Sudan); Germany (Ruhr area), UK (Birmingham), US (Midwest) <\/span><\/p>\n<p>&nbsp;<\/p>\n<p><strong><span style=\"color: black; font-family: Verdana,Georgia,Arial;\">Publikationen <\/span><\/strong><\/p>\n<p><span style=\"color: black; font-family: Verdana,Georgia,Arial;\"><em>B\u00fccher und Herausgeberschaften<\/em><\/span><\/p>\n<p><span style=\"color: black; font-family: Verdana,Georgia,Arial;\">2015. \u201cThe Global Nuer. Transnational Life-Worlds, Religious Movements and War\u201d. K\u00f6ln: R\u00fcdiger K\u00f6ppe Verlag.<\/span><\/p>\n<p><span style=\"color: black; font-family: Verdana,Georgia,Arial;\">2012. (zusammen mit Carlo Ruzza &amp; Oliver Schmidtke) \u201cMigrants and Health: Political and Institutional Responses to Cultural Diversity in Health Systems\u201d. Farnham: Ashgate Publishing.<\/span><\/p>\n<p><span style=\"color: black; font-family: Verdana,Georgia,Arial;\">2010. \u201cThe global Nuer. Transnational Movements, Religion and War\u201d. New York, Oxford: Berghahn.<\/span><\/p>\n<p><span style=\"color: black; font-family: Verdana,Georgia,Arial;\">2009. (zusammen mit Carlo Ruzza &amp; Oliver Schmidtke) \u201cCultural Diversity in the Health Care. System Political and Institutional Responses\u201c. Farnham: Ashgate Publishing.<\/span><\/p>\n<p><span style=\"color: black; font-family: Verdana,Georgia,Arial;\">2009. (gemeinsam mit Oliver Schmidtke) \u201eIntegration durch Teilnahme? Politische F\u00fcrsprache von Migranten und Minderheitenorganisationen am Beispiel einer vergleichenden deutsch-kanadischen Perspektive\u201c. Im Erscheinen.<\/span><\/p>\n<p><span style=\"color: black; font-family: Verdana,Georgia,Arial;\">2009. (zusammen mit Andreas Fischer-Lescano &amp; Klaus Sieveking) (Hrsg.) \u201eGesundheit in der Illegalit\u00e4t. Rechte von Menschen ohne Aufenthaltsstatus\u201c. Baden Baden: NOMOS.<\/span><\/p>\n<p><span style=\"color: black; font-family: Verdana,Georgia,Arial;\">2008. (zusammen mit Gudrun Zimmermann) \u201eDie Interkulturelle \u00d6ffnung des Gesundheitssystem\u201c. Baden Baden: NOMOS.<\/span><\/p>\n<p><span style=\"color: black; font-family: Verdana,Georgia,Arial;\"><em>Zeitschriftenartikel <em>(peer-reviewed)<\/em><\/em><\/span><\/p>\n<p><span style=\"color: black; font-family: Verdana,Georgia,Arial;\">2017. Diversity als Chance: Forschung, Lehre und Aktivismus im Stadtteillabor Bochum. Zeitschrift f\u00fcr F\u00fchrung und Personalmanagement in der Gesundheitswirtschaft. Thema &#8220;Personelle Vielfalt, 3(2). Im Druck.<\/span><span style=\"color: black; font-family: Verdana,Georgia,Arial;\"><br \/>\n<\/span><\/p>\n<p><span style=\"color: black; font-family: Verdana,Georgia,Arial;\"><span style=\"color: black; font-family: Verdana,Georgia,Arial;\">2008. \u201e\u00dcber die mangelhafte psychotherepeutische Versorgung Bremer Migranten und Migrantinnen: Ergebnisse der Erhebung \u00fcber die ambulante psychotherapeutische Versorgung von Patienten mit Migrationshintergrund\u201c. Psychotherapeutenjournal, 1, 166-169.<br \/>\n<\/span><\/span><\/p>\n<p><span style=\"color: black; font-family: Verdana,Georgia,Arial;\"><span style=\"color: black; font-family: Verdana,Georgia,Arial;\"><span style=\"color: black; font-family: Verdana,Georgia,Arial;\">2008. \u201cYoung Nuer in new religious Movements\u201d. Sociologus. Zeitschrift f\u00fcr empirische Ethnosoziologie und Ethnopsychologie \/ Journal for Empirical Social Anthropology, 58(2), 169-195.<br \/>\n<\/span><\/span><\/span><\/p>\n<p><span style=\"color: black; font-family: Verdana,Georgia,Arial;\"><span style=\"color: black; font-family: Verdana,Georgia,Arial;\"><span style=\"color: black; font-family: Verdana,Georgia,Arial;\"><span style=\"color: black; font-family: Verdana,Georgia,Arial;\">2007. \u201eKrieg, Vertreibung und Transnationalisierung. Erinnerungen und Identit\u00e4tskonstruktionen bei den \u00e4thiopischen Nuer\u201c. Berliner Debatte Initial. Zeitschrift f\u00fcr sozialwissenschaftlichen Diskurs, 3, 58-68.<br \/>\n<\/span><\/span><\/span><\/span><\/p>\n<p><span style=\"color: black; font-family: Verdana,Georgia,Arial;\"><span style=\"color: black; font-family: Verdana,Georgia,Arial;\"><span style=\"color: black; font-family: Verdana,Georgia,Arial;\"><span style=\"color: black; font-family: Verdana,Georgia,Arial;\"><span style=\"color: black; font-family: Verdana,Georgia,Arial;\">2007. \u201eWie werden Migranten in Bremen psychotherapeutisch versorgt? Hintergrundinformationen zur Erhebung \u00fcber die ambulante psychotherapeutische Versorgung von Patienten mit Migrationshintergrund\u201c. Psychotherapeutenjournal, 3, 291.<br \/>\n<\/span><\/span><\/span><\/span><\/span><\/p>\n<p><span style=\"color: black; font-family: Verdana,Georgia,Arial;\"><span style=\"color: black; font-family: Verdana,Georgia,Arial;\"><span style=\"color: black; font-family: Verdana,Georgia,Arial;\"><span style=\"color: black; font-family: Verdana,Georgia,Arial;\"><span style=\"color: black; font-family: Verdana,Georgia,Arial;\"><span style=\"color: black; font-family: Verdana,Georgia,Arial;\">1999. \u201cThe Change in Continuity: Nuer refugees and substituted cattle\u201d. Sociologus. Zeitschrift f\u00fcr empirische Ethnosoziologie und Ethnopsychologie \/ Journal for Empirical Social Anthropology, 49, 27-56.<br \/>\n<\/span><\/span><\/span><\/span><\/span><\/span><\/p>\n<p><span style=\"color: black; font-family: Verdana,Georgia,Arial;\"><em>Buchbeitr\u00e4ge<\/em><\/span><\/p>\n<p><span style=\"color: black; font-family: Verdana,Georgia,Arial;\">2014. (gemeinsam mit Gudrun Zimmermann) \u201eDie interkulturelle \u00d6ffnung im deutschen Gesundheitssystem: Ein kritischer \u00dcberblick\u201c. In: E. Vanderheiden &amp; C.-H. Mayer (Eds.), Handbuch Interkulturelle \u00d6ffnung. Grundlagen, Best Practice, Tools. G\u00f6ttingen: Vandenhoeck &amp; Ruprecht GmbH &amp; Co. KG, 327-332.<br \/>\n<\/span><\/p>\n<p><span style=\"color: black; font-family: Verdana,Georgia,Arial;\"><span style=\"color: black; font-family: Verdana,Georgia,Arial;\">2010. \u201cTransnational Nuer Churches: Bringing development to the homeland and morals to the US\u201d. In: F. F. Ludwig &amp; K. Asamoah-Gyadu (Hrsg.), The African Christian Presence<br \/>\n<\/span><\/span><\/p>\n<p><span style=\"color: black; font-family: Verdana,Georgia,Arial;\"><span style=\"color: black; font-family: Verdana,Georgia,Arial;\"><span style=\"color: black; font-family: Verdana,Georgia,Arial;\">2009. \u201cThe Cultural Resilience in Nuer Conversion and a &#8216;Capitalist Missionary&#8217;\u201d. In: G. Schlee &amp; E. Watson (Hrsg.), Changing Identifications and Alliances in North-East Africa (Vol. II: Sudan, Uganda and the Ethio-Sudan Borderlands). New York, Oxford: Berghahn Books, 205-218.<br \/>\n<\/span><\/span><\/span><\/p>\n<p><span style=\"color: black; font-family: Verdana,Georgia,Arial;\"><span style=\"color: black; font-family: Verdana,Georgia,Arial;\"><span style=\"color: black; font-family: Verdana,Georgia,Arial;\"><span style=\"color: black; font-family: Verdana,Georgia,Arial;\">2008. \u201cLifting the curse of Isaiah? Pathways of incorporation of transnational Nuer Christians in the homeland and the US\u201d. In: A. Lauser &amp; C. Weissk\u00f6ppel (Hrsg.), Migration und Religi\u00f6se Dynamik. Ethnologische Religionsforschung im transnationalen Kontext. Bielefeld: Transkript Verlag, 53-74.<br \/>\n<\/span><\/span><\/span><\/span><\/p>\n<p><span style=\"color: black; font-family: Verdana,Georgia,Arial;\"><span style=\"color: black; font-family: Verdana,Georgia,Arial;\"><span style=\"color: black; font-family: Verdana,Georgia,Arial;\"><span style=\"color: black; font-family: Verdana,Georgia,Arial;\"><span style=\"color: black; font-family: Verdana,Georgia,Arial;\">2008. \u201eThe Nuer\u201c. In: S. Uhlig (Hrsg.), Encyclopedia Aethiopica. Wiesbaden: Harrassowitz Verlag.<br \/>\n<\/span><\/span><\/span><\/span><\/span><\/p>\n<p><span style=\"color: black; font-family: Verdana,Georgia,Arial;\"><span style=\"color: black; font-family: Verdana,Georgia,Arial;\"><span style=\"color: black; font-family: Verdana,Georgia,Arial;\"><span style=\"color: black; font-family: Verdana,Georgia,Arial;\"><span style=\"color: black; font-family: Verdana,Georgia,Arial;\"><span style=\"color: black; font-family: Verdana,Georgia,Arial;\">2005. \u201cThe Ethiopianisation of the Eastern Jikany Nuer from a religious perspective\u201d In: V. B\u00f6ll, S. Kaplan, A. Mart\u00ednez d\u2019Al\u00f2s-Moner &amp; E. Sokolinskaia (Hrsg.), Ethiopia and the Missions. Historical and Anthropological Insights. Wiesbaden: LIT Verlag, 171-194.<br \/>\n<\/span><\/span><\/span><\/span><\/span><\/span><\/p>\n<p><span style=\"color: black; font-family: Verdana,Georgia,Arial;\"><span style=\"color: black; font-family: Verdana,Georgia,Arial;\"><span style=\"color: black; font-family: Verdana,Georgia,Arial;\"><span style=\"color: black; font-family: Verdana,Georgia,Arial;\"><span style=\"color: black; font-family: Verdana,Georgia,Arial;\"><span style=\"color: black; font-family: Verdana,Georgia,Arial;\"><span style=\"color: black; font-family: Verdana,Georgia,Arial;\">2005. \u201cModernity and Christianity among the Nuer in Africa and the USA\u201d. In: E.-M. Bruchhaus (Hrsg.), Hot Spot Horn of Africa: Between Integration and Disintegration (Vol. 19). M\u00fcnster: Lit-Verlag.<br \/>\n<\/span><\/span><\/span><\/span><\/span><\/span><\/span><\/p>\n<p><span style=\"color: black; font-family: Verdana,Georgia,Arial;\"><span style=\"color: black; font-family: Verdana,Georgia,Arial;\"><span style=\"color: black; font-family: Verdana,Georgia,Arial;\"><span style=\"color: black; font-family: Verdana,Georgia,Arial;\"><span style=\"color: black; font-family: Verdana,Georgia,Arial;\"><span style=\"color: black; font-family: Verdana,Georgia,Arial;\"><span style=\"color: black; font-family: Verdana,Georgia,Arial;\">in the West: New Immigrant Congregations and Transnational Networks in North America and Europe. Trenton: African World Press.<br \/>\n<\/span><\/span><\/span><\/span><\/span><\/span><\/span><\/p>\n<p><span style=\"color: black; font-family: Verdana,Georgia,Arial;\"><em>Sonstige<\/em><\/span><\/p>\n<p><span style=\"color: black; font-family: Verdana,Georgia,Arial;\">2006. \u201eWe are no longer the Nuer of before: Nuer vernacular modernism in Africa and the USA\u201d. In: S. Uhlig (Eds.), Proceedings of the 15th International Conference of Ethiopian Studies (S. 75-84). Wiesbaden: Harrassowitz Verlag.<br \/>\n<\/span><\/p>\n<p><span style=\"color: black; font-family: Verdana,Georgia,Arial;\"><span style=\"color: black; font-family: Verdana,Georgia,Arial;\">2005. \u201eThe global Nuer\u201c. Halle Saale: Max-Planck-Institut f\u00fcr Ethnologische Forschung.<br \/>\n<\/span><\/span><\/p>\n<p><span style=\"color: black; font-family: Verdana,Georgia,Arial;\"><span style=\"color: black; font-family: Verdana,Georgia,Arial;\"><span style=\"color: black; font-family: Verdana,Georgia,Arial;\">2005. (zusammen mit V. Vat\u00e9, V., &amp; M. Pelkmans) \u201cChristian Conversion in a Changing World: Confronting Issues of Inequality, Modernity and Morality\u201d. Halle Saale: Max-Planck-Institut f\u00fcr Ethnologische Forschung.<\/span><\/span><\/span><\/p>\n<p>&nbsp;<\/p>\n<p><span style=\"color: black; font-family: Verdana,Georgia,Arial;\"><strong>Vortr\u00e4ge <\/strong><\/span><\/p>\n<p><span style=\"color: black; font-family: Verdana,Georgia,Arial;\">6.-7. M\u00e4rz 2013. Stirb sp\u00e4t und gesund! Pr\u00e4vention im Spannungsfeld von Normierung und Erm\u00f6glichung: Die Sorge um und f\u00fcr sich selbst? Lebensstil und Zugeh\u00f6rigkeit (nicht nur) bei Migrant\/innen. 18. Kongre\u00df Armut und Gesundheit Berlin (Vortrag). Zusammen mit Kristine Krause.<\/span><\/p>\n<p><span style=\"color: black; font-family: Verdana,Georgia,Arial;\">29.02.2012. Gesundheitsbezogene Selbsthilfe von Migrant_Innen. Gesundheitsamt Bremen.<\/span><\/p>\n<p><span style=\"color: black; font-family: Verdana,Georgia,Arial;\">09.03.2012. Interkulturelle Kompetenzen im Gesundheitswesen: Notwendigkeit oder Luxus? Bericht f\u00fcr die Dokumentation des 17. Kongress Armut und Gesundheit Berlin (Vortrag). Zusammen mit Kristine Krause.<\/span><\/p>\n<p><span style=\"color: black; font-family: Verdana,Georgia,Arial;\">26. August 2011. Ver\u00e4nderte Personalpolitik (unter Ber\u00fccksichtigung von Migrant_innen) in Verwaltungsstellen f\u00fcr Sicherheit und B\u00fcrgerservice. Katholisch-Soziale Akademie, M\u00fcnster. (in Kooperation mit der Deutschen Gesellschaft f\u00fcr V\u00f6lkerkunde, gef\u00f6rdert durch die Volkswagenstiftung.)<\/span><\/p>\n<p><span style=\"color: black; font-family: Verdana,Georgia,Arial;\">19. Juni 2011. Interkulturelle Kompetenzen im Gesundheitswesen \u2013 Notwendigkeit oder Luxus? Bremen, G\u00e4stehaus der Universit\u00e4t Bremen. (in Kooperation mit der Deutschen Gesellschaft f\u00fcr V\u00f6lkerkunde, gef\u00f6rdert durch die Volkswagenstiftung.)<\/span><\/p>\n<p><span style=\"color: black; font-family: Verdana,Georgia,Arial;\">27.Okt. 2010. Welche Sprache spricht unser Gesundheitssystem? Fachtag zur Gesundheitsversorgung von Migrantinnen in Bremen. In Kooperation mit der Bremischen Zentralstelle f\u00fcr die Verwirklichung der Gleichberechtigung der Frau und dem Bremer Forum Frauengesundheit. <\/span><\/p>\n<p><span style=\"color: black; font-family: Verdana,Georgia,Arial;\">7.-8. Nov. 2008. Gesundheit in der Illegalit\u00e4t. Rechte von Menschen ohne Aufenthaltsstatus. Zentrum f\u00fcr Europ\u00e4ische Rechtspolitik der Universit\u00e4t Bremen im Deutschen Auswandererhaus in Bremerhaven. Zusammen mit Prof. Andreas Fischer-Lescano und Prof. Klaus Sieveking.<\/span><\/p>\n<p><span style=\"color: black; font-family: Verdana,Georgia,Arial;\">26.-30. Aug. 2008. Experiencing diversity and mutuality in health: European Association of Social Anthropologists, Ljubljana. Zusammen mit Brigit Obrist. <\/span><\/p>\n<p><span style=\"color: black; font-family: Verdana,Georgia,Arial;\">25.-26. Juni 2007. Grenzerfahrungen \u2013 Grenzbeziehungen: Zur Interkulturellen Kompetenz im Gesundheitssystem. Angestelltenkammer Bremen. In Kooperation mit XENOS \u2013 Gesundheit Interkulturell.<br \/>\n<\/span><\/p>\n","protected":false},"excerpt":{"rendered":"<p>christiane.falge[at]hs-gesundheit.de Christiane Falge ist seit 2014 Professorin f\u00fcr Gesundheit und Diversity am Department of Community Health der Hochschule f\u00fcr Gesundheit Bochum. Als Medizinethnologin geh\u00f6rt f\u00fcr sie die Sensibilisierung f\u00fcr unterschiedliche Vorstellungen von Gesundheit, Krankheit und Heilung zum zentralen Gegenstand ihrer&hellip; <\/p>\n","protected":false},"author":4,"featured_media":0,"parent":54,"menu_order":0,"comment_status":"closed","ping_status":"closed","template":"","meta":{"footnotes":""},"class_list":["post-973","page","type-page","status-publish","hentry"],"_links":{"self":[{"href":"https:\/\/www.medicalanthropology.de\/english\/wp-json\/wp\/v2\/pages\/973","targetHints":{"allow":["GET"]}}],"collection":[{"href":"https:\/\/www.medicalanthropology.de\/english\/wp-json\/wp\/v2\/pages"}],"about":[{"href":"https:\/\/www.medicalanthropology.de\/english\/wp-json\/wp\/v2\/types\/page"}],"author":[{"embeddable":true,"href":"https:\/\/www.medicalanthropology.de\/english\/wp-json\/wp\/v2\/users\/4"}],"replies":[{"embeddable":true,"href":"https:\/\/www.medicalanthropology.de\/english\/wp-json\/wp\/v2\/comments?post=973"}],"version-history":[{"count":2,"href":"https:\/\/www.medicalanthropology.de\/english\/wp-json\/wp\/v2\/pages\/973\/revisions"}],"predecessor-version":[{"id":1020,"href":"https:\/\/www.medicalanthropology.de\/english\/wp-json\/wp\/v2\/pages\/973\/revisions\/1020"}],"up":[{"embeddable":true,"href":"https:\/\/www.medicalanthropology.de\/english\/wp-json\/wp\/v2\/pages\/54"}],"wp:attachment":[{"href":"https:\/\/www.medicalanthropology.de\/english\/wp-json\/wp\/v2\/media?parent=973"}],"curies":[{"name":"wp","href":"https:\/\/api.w.org\/{rel}","templated":true}]}}