{"id":929,"date":"2017-11-12T22:21:16","date_gmt":"2017-11-12T21:21:16","guid":{"rendered":"https:\/\/www.medicalanthropology.de\/english\/?page_id=929"},"modified":"2017-11-14T22:59:03","modified_gmt":"2017-11-14T21:59:03","slug":"de-andrade-neves-marcos-freire","status":"publish","type":"page","link":"https:\/\/www.medicalanthropology.de\/english\/members\/d-j\/de-andrade-neves-marcos-freire\/","title":{"rendered":"de Andrade Neves, Marcos Freire"},"content":{"rendered":"<p><span style=\"color: black; font-family: Verdana,Georgia,Arial;\"><a href=\"http:\/\/marcosfan [at] gmail.com\">marcosfan [at] gmail.com<\/a><\/span><\/p>\n<p><span style=\"color: black; font-family: Verdana,Georgia,Arial;\">Marcos Andrade Neves is a PhD candidate at the Federal University of Rio Grande do Sul (UFRGS), Brazil, and previously held a DAAD Fellowship at the Freie Universit\u00e4t Berlin, where he is an external member of the research area \u201cMedical Anthropology\u201d. His research concerns itself with transnational mobilities, politics of life, and regimes of care in a landscape of assisted suicide.<\/span><\/p>\n<p>&nbsp;<\/p>\n<p><span style=\"color: black; font-family: Verdana,Georgia,Arial;\"><strong>Research Interests<\/strong><\/span><\/p>\n<p><span style=\"color: black; font-family: Verdana,Georgia,Arial;\">Activism; Assisted suicide; Biopolitics; Care; Euthanasia; Transnational mobility<\/span><\/p>\n<p>&nbsp;<\/p>\n<p><span style=\"color: black; font-family: Verdana,Georgia,Arial;\"><strong>Research Area(s)<\/strong><\/span><\/p>\n<p><span style=\"color: black; font-family: Verdana,Georgia,Arial;\">Europe; Brazil<\/span><\/p>\n<p>&nbsp;<\/p>\n<p><span style=\"color: black; font-family: Verdana,Georgia,Arial;\"><strong>Publications<\/strong><\/span><\/p>\n<p><span style=\"color: black; font-family: Verdana,Georgia,Arial;\">1. ANDRADE NEVES, Marcos F.; DAMO, Arlei<br \/>\nDinheiro, Emo\u00e7\u00e3o e Ag\u00eancia: uma etnografia no mercado funer\u00e1rio de Porto Alegre. Mana, 2016.<\/span><\/p>\n<p><span style=\"color: black; font-family: Verdana,Georgia,Arial;\">2. ANDRADE NEVES, Marcos F.<br \/>\nLiving Within Assisted Suicide: Drawing a Landscape and its Transnational Movements. Medizinethnologie: K\u00f6rper, Gesundheit und Heilung in einer globalisierten Welt, 2016.<br \/>\n<\/span><\/p>\n<p><span style=\"color: black; font-family: Verdana,Georgia,Arial;\">3.ANDRADE NEVES, Marcos F.<br \/>\nA percep\u00e7\u00e3o sobre os usos de psicof\u00e1rmacos na \u00cdndia: Pensando Eating Drugs, de Ecks. CAMPOS, 2015.<br \/>\n<\/span><\/p>\n<p><span style=\"color: black; font-family: Verdana,Georgia,Arial;\">4.ANDRADE NEVES, Marcos F.<br \/>\nO culto ec\u00fameno-cient\u00edfico: an\u00e1lise do Culto Ecum\u00eanico em Homenagem aos Doadores de Corpos. Debates do NER, 2015.<br \/>\n<\/span><\/p>\n<p><span style=\"color: black; font-family: Verdana,Georgia,Arial;\">5. ANDRADE NEVES, Marcos F.<br \/>\nEst\u00e9tica do Acaso: Um estudo antropol\u00f3gico sobre a din\u00e2mica est\u00e9tica e econ\u00f4mica na Vila Chocolat\u00e3o. Cadernos IHU, v.46, p. 1-58, 2014.<br \/>\n<\/span><\/p>\n<p><span style=\"color: black; font-family: Verdana,Georgia,Arial;\">6.ANDRADE NEVES, Marcos F.<br \/>\nUm document\u00e1rio revisitado: 555 Chocolat\u00e3o. Revista Iluminuras, v.31, p. 177-187, 2013.<br \/>\n<\/span><\/p>\n<p><span style=\"color: black; font-family: Verdana,Georgia,Arial;\">7.ANDRADE NEVES, Marcos F.<br \/>\nDorotheen, um cemit\u00e9rio: os ritos de destitui\u00e7\u00e3o pensados em Berlim. Habitus, v.10, p.73 &#8211; 82, 2012.<br \/>\n<\/span><\/p>\n<p><span style=\"color: black; font-family: Verdana,Georgia,Arial;\">8.ANDRADE NEVES, Marcos F.<br \/>\nO Gosto Popular e a Est\u00e9tica do Acaso. Revista Todavia, v.2, p.56 &#8211; 70, 2011.<br \/>\n<\/span><\/p>\n<p><span style=\"color: black; font-family: Verdana,Georgia,Arial;\">9.ANDRADE NEVES, Marcos F.<br \/>\nIconografia Liter\u00e1ria. Cadernos de N\u00e3o Fic\u00e7\u00e3o, p. 26-31, 2011.<br \/>\n<\/span><\/p>\n","protected":false},"excerpt":{"rendered":"<p>marcosfan [at] gmail.com Marcos Andrade Neves is a PhD candidate at the Federal University of Rio Grande do Sul (UFRGS), Brazil, and previously held a DAAD Fellowship at the Freie Universit\u00e4t Berlin, where he is an external member of the&hellip; <\/p>\n","protected":false},"author":4,"featured_media":0,"parent":54,"menu_order":0,"comment_status":"closed","ping_status":"closed","template":"","meta":{"footnotes":""},"class_list":["post-929","page","type-page","status-publish","hentry"],"_links":{"self":[{"href":"https:\/\/www.medicalanthropology.de\/english\/wp-json\/wp\/v2\/pages\/929","targetHints":{"allow":["GET"]}}],"collection":[{"href":"https:\/\/www.medicalanthropology.de\/english\/wp-json\/wp\/v2\/pages"}],"about":[{"href":"https:\/\/www.medicalanthropology.de\/english\/wp-json\/wp\/v2\/types\/page"}],"author":[{"embeddable":true,"href":"https:\/\/www.medicalanthropology.de\/english\/wp-json\/wp\/v2\/users\/4"}],"replies":[{"embeddable":true,"href":"https:\/\/www.medicalanthropology.de\/english\/wp-json\/wp\/v2\/comments?post=929"}],"version-history":[{"count":1,"href":"https:\/\/www.medicalanthropology.de\/english\/wp-json\/wp\/v2\/pages\/929\/revisions"}],"predecessor-version":[{"id":932,"href":"https:\/\/www.medicalanthropology.de\/english\/wp-json\/wp\/v2\/pages\/929\/revisions\/932"}],"up":[{"embeddable":true,"href":"https:\/\/www.medicalanthropology.de\/english\/wp-json\/wp\/v2\/pages\/54"}],"wp:attachment":[{"href":"https:\/\/www.medicalanthropology.de\/english\/wp-json\/wp\/v2\/media?parent=929"}],"curies":[{"name":"wp","href":"https:\/\/api.w.org\/{rel}","templated":true}]}}