{"id":745,"date":"2015-06-10T11:35:06","date_gmt":"2015-06-10T10:35:06","guid":{"rendered":"https:\/\/www.medicalanthropology.de\/english\/?page_id=745"},"modified":"2017-11-14T20:45:57","modified_gmt":"2017-11-14T19:45:57","slug":"strauss-annika","status":"publish","type":"page","link":"https:\/\/www.medicalanthropology.de\/english\/members\/s\/strauss-annika\/","title":{"rendered":"Strauss, Annika"},"content":{"rendered":"<p><a href=\"http:\/\/annika.strauss[at]wwu.de\"><span style=\"font-family: verdana,geneva,sans-serif;\"><em>annika.strauss[at]wwu.de<\/em><\/span><\/a><\/p>\n<p><span style=\"font-family: verdana,geneva,sans-serif;\"><strong>Annika Strauss<\/strong> graduated (Magistra Artium) in Social Anthropology (Main Subject), Political Science (1st Subsidiary) and Economic Policy (2nd Subsidiary) in October 2010. Her final thesis is titled \u201cHomeless Madmen\/women \u2013 Ethnography of a Rehabilitation Project for Mentally Ill Roadside Destitutes in Western India\u201d and is based on a field research conducted from September 2008 till February 2009 in an NGO near Mumbai\/India. Since November 2010 she is doctoral candidate in Social Anthropology at the Institut f\u00fcr Ethnologie\/Westfaelische-Wilhelms-Universitaet Muenster (doctoral adviser: Prof. Dr. Helene Basu). Her research project &#8220;Sex-Gender and Psychiatry in Mumbai&#8221; is once more placed in the field of Transcultural Psychiatry. It focuses on the question how the category &#8220;sex-gender&#8221; moulds biomedical practice in two cosmopolitan (public and private) psychiatric institutions in Mumbai\/India. Since September 2012 she works as a lecturer at the Institut f\u00fcr Ethnologie\/WWU M\u00fcnster and regularly teaches Bachelor and Master classes in Social Anthropology. In September 2014 she completed the training course on \u201eProfessionelle Lehrkompetenz f\u00fcr die Hochschule\u201c (NRW-Zertifikat) [North Rhine-Westphalian Certificate \u201cProfessional Teaching Competency in Academia\u201d]. From November 2016 until March 2017 she visited the Tata Institute of Social Sciences, School of Rural Development Tuljapur, Maharashtra, India as a guest lecturer and taught a transnational E-learning course on autoethnography to Indian and German students.<\/span><\/p>\n<p><span style=\"font-family: verdana,geneva,sans-serif;\"><strong>Field Research<\/strong><\/span><\/p>\n<p><span style=\"font-family: verdana,geneva,sans-serif;\">03.2007 Research internship at ZIPP \u2013 Zentrum fuer Transkulturelle Psychiatrie und Psychotherapie [Centre of Transcultural Psychiatry and Psychotherapy] at the Charit\u00e9 (Berlin) under the supervision of Dr. med. E. Wohlfart; study research project \u201eWahrnehmung von Besessenheit unter in der Klinik f\u00fcr Psychotherapie und Psychiatrie besch\u00e4ftigten PsychiaterInnen und PsychotherapeutInnen\u201c [\u201eThe Perception of Possession by Psychiatrist and Psychotherapists in the Clinic of Psychotherapy and Psychiatry\/Charit\u00e9\u201c]<\/span><\/p>\n<p><span style=\"font-family: verdana,geneva,sans-serif;\">9.- 12. 2008 Research internship in an NGO concerned with the rehabilitation of mentally ill roadside destitutes near Mumbai\/India sponsored by Heinrich Hertz-Stiftung NRW, Mentor: Dr. Katy Y. Gandevia (<em>Tata Institute of Social Sciences (TISS)<\/em>, Mumbai)<\/span><\/p>\n<p><span style=\"font-family: verdana,geneva,sans-serif;\">03.2011 \u2013 02.2012; 03. + 09.2013 Field research in two psychiatric institutions in Mumbai\/India, data collection for phd-thesis \u201eSex-Gender and Psychiatry in Mumbai\u201c, sponsored by Deutscher Akademischer Austauschdienst (DAAD)<\/span><\/p>\n<p><span style=\"font-family: verdana,geneva,sans-serif;\">9.2012 \u2013 present\u00a0Sensory Ethnography in (university) classrooms.<\/span><\/p>\n<p>&nbsp;<\/p>\n<p><span style=\"font-family: verdana,geneva,sans-serif;\"><strong>Research Interests<\/strong><\/span><\/p>\n<p><span style=\"font-family: verdana,geneva,sans-serif;\">Transcultural Psychiatry and Medical Anthropology, Concept of Person and Self, Public Health, Gender Studies, Anthropology of Institutions, Anthropology of Biomedicine, Learning and Teaching; Self)-Reflexivity as Social Anthropological Method<br \/>\n<\/span><\/p>\n<p><span style=\"font-family: verdana,geneva,sans-serif;\"><strong>Research Area(s)<\/strong><\/span><\/p>\n<p><span style=\"font-family: verdana,geneva,sans-serif;\">South Asia (in particular Mumbai\/Maharashtra); Anthropology at Home\/Autoethnography<\/span><\/p>\n<p><span style=\"font-family: verdana,geneva,sans-serif;\"><strong>Publications<\/strong><\/span><\/p>\n<p><span style=\"font-family: verdana,geneva,sans-serif;\"><em>Monographs and Edited Volumes<\/em><\/span><\/p>\n<p><span style=\"font-family: verdana,geneva,sans-serif;\">2011. \u201eEthnografie eines Rehabilitationsprojekts f\u00fcr psychisch kranke Obdachlose im westlichen Indien. Die heimatlosen Verr\u00fcckten\u201c. Hamburg: Verlag Dr. Kovac.<\/span><\/p>\n<p><span style=\"font-family: verdana,geneva,sans-serif;\">2015. (guest editor together with Marion Linska): \u201eSelbstreflexion im Kontext medizinethnologischer Langzeitfeldforschung\/Self-reflection in the Context of Long-term Field Research in Medical Anthropology\u201c. Curare 38 (1+2).<\/span><\/p>\n<p><span style=\"font-family: verdana,geneva,sans-serif;\"><em>Journal Articles<\/em><\/span><\/p>\n<p><span style=\"font-family: verdana,geneva,sans-serif;\">2017 \u201eExperiments with Image Theatre: Accessing and Giving Meaning to Sensory Experiences in Social Anthropology.\u201d Learning and Teaching. The International Journal of Higher Education in the Social Sciences 10 (3), S. 1-24. (DOI: http:\/\/dx.doi.org\/10.3167\/latiss.2017.100203)<\/span><\/p>\n<p><span style=\"font-family: verdana,geneva,sans-serif;\">2015. \u201e<em>Beyond the Black Box and Therapy Culture \u2013 \u201aVerst\u00f6rende\u2018 Feldforschungserfahrungen als Zugang zu lokalem Wissen verstehen lernen<\/em>\u201c. Curare 38 (1+2), S. 87-102 (Ed. together with Marion Linska: \u201eSelbstreflexion im Kontext medizinethnologischer Langzeitfeldforschung\/Self-reflection in the Context of Long-term Field Research in Medical Anthropology\u201c).<\/span><\/p>\n<p><span style=\"font-family: verdana,geneva,sans-serif;\"><em>Chapters in Edited Books<\/em><\/span><\/p>\n<p><span style=\"font-family: verdana,geneva,sans-serif;\"><em>Other<\/em><\/span><\/p>\n<p><span style=\"font-family: verdana,geneva,sans-serif;\">2015. \u201eSelbstreflexion im Kontext medizinethnologischer Langzeitfeldforschung. Einleitung\u201c. In: Curare 38 (1+2), S. 9-24 (Ed. together with Marion Linska: \u201eSelbstreflexion im Kontext medizinethnologischer Langzeitfeldforschung\/Self-reflection in the Context of Long-term Field Research in Medical Anthropology\u201c).<\/span><\/p>\n<p><span style=\"font-family: verdana,geneva,sans-serif;\"><strong>Conference Presentations <\/strong><em>(since 2007)<\/em><\/span><\/p>\n<p><span style=\"font-family: verdana,geneva,sans-serif;\">2017\u00a0\u00a0 Paper at DGV-Tagung \u201cZugeh\u00f6rigkeiten: Affektive, moralische und politische Praxen in einer vernetzten Welt\u201d, 4<sup>th<\/sup>-7<sup>th<\/sup> October, Freie Universit\u00e4t Berlin: \u201c&#8217;Doing gay and feeling female&#8217; \u2013 Transgressing biomedical categories in a psychiatric setting in Mumbai, India\u201d<\/span><\/p>\n<p><span style=\"font-family: verdana,geneva,sans-serif;\">2017\u00a0\u00a0 Workshop at DGV-Tagung \u201cZugeh\u00f6rigkeiten: Affektive, moralische und politische Praxen in einer vernetzten Welt\u201d, 4<sup>th<\/sup>-7<sup>th<\/sup> October, Freie Universit\u00e4t Berlin, together with Cassis Kilian: \u201cVerspielte EthnologInnen: Darstellende Kunst als reflexive Praxis zur Erkundung einer vernetzten Welt\u201d [\u201cPlayful Anthropologists: Performing Arts as Reflexive Practice to Explore an Interconnected World\u201d]<\/span><\/p>\n<p><span style=\"font-family: verdana,geneva,sans-serif;\">2017\u00a0\u00a0 Paper at \u201cDoing Sex: Men, Masculinity and Sexual Practices Conference\u201d, 13<sup>th<\/sup>-14<sup>th<\/sup> July, Newcastle University: \u201c&#8217;Doing gay and feeling female&#8217; \u2013 A queer narrative from a psychiatric setting in Mumbai, India\u201d<\/span><\/p>\n<p><span style=\"font-family: verdana,geneva,sans-serif;\">2016\u00a0\u00a0 Report at Interims-Tagung of the working group \u2018Ethnologische Bildung\u2019 \u201cTheorieFeldPraxis\u201d, 24<sup>th<\/sup>-25<sup>th<\/sup> September, Universit\u00e4t T\u00fcbingen, together with Natalie Gies-Powroznik; M.A., Fatima El-Gazri, B.A., Constantina Rokos, B.A. and Alina Zurm\u00fchlen, B.A.: \u201cProjektbericht: \u201aDoing Engaged Anthropology\u2018 \u2013 Erfahrungen im Kontext eines Studierendenprojekts in einer M\u00fcnsteraner Fl\u00fcchtlingsunterkunft\u201d [\u201cProject Report: \u2018Doing Engaged Anthropology\u2019 \u2013 Experiences in the Context of a Study Project in a Munsteranian Refugee Camp\u201d]<\/span><\/p>\n<p><span style=\"font-family: verdana,geneva,sans-serif;\">2016\u00a0\u00a0 27<sup>th<\/sup> FK-AGEM Fachkonferenz Ethnomedizin \u201cMedizinethnologie 2016: The State of the Art\u201d, Heidelberg V\u00f6lkerkundemuseum, 17<sup>th<\/sup>-19<sup>th<\/sup> June: \u201c&#8217;Addiction Narratives&#8217; in Mumbai, Indien\u201d [\u201c\u2019Addiction Narratives\u2019 in Mumbai, India\u201d]<\/span><\/p>\n<p><span style=\"font-family: verdana,geneva,sans-serif;\">2016\u00a0\u00a0 Workshop \u201cTeaching and Learning Sensory Ethnography\u201d; 8<sup>th<\/sup> April, University of Amsterdam<\/span><\/p>\n<p><span style=\"font-family: verdana,geneva,sans-serif;\">2015\u00a0\u00a0 Presentation in the research seminar \u201eCe qui se dit, \u00e0 qui et comment Approche panchronique et pluridisciplinaire\u201c sous la direction de Salom\u00e9 Deboos, 11<sup>th<\/sup> December, Universit\u00e9 de Strasbourg: \u201eCommunicating Sensory Fieldwork Experiences\u201d<\/span><\/p>\n<p><span style=\"font-family: verdana,geneva,sans-serif;\">2015\u00a0\u00a0 Paper at 7<sup>th<\/sup> International Symposium, Global Mental Health \u2013 Mental Health in Developing Countries, October 31<sup>st<\/sup>, Munich: \u201eWhat a Psychiatric Patient Can Tell Us about Psychiatric Culture?&#8217; &#8211; Reflections on Anthropological Fieldwork in Two Psychiatric Institutions in Mumbai\/India\u201c<\/span><\/p>\n<p><span style=\"font-family: verdana,geneva,sans-serif;\">2015\u00a0\u00a0 Paper given at DGV-Tagung 2015, \u201eKrisen. Re-Formationen von Leben, Macht und Welt\u201c, September 30<sup>th<\/sup> \u2013 Ocotber 3<sup>rd<\/sup>, Philipps Universit\u00e4t Marburg: Workshop 42, \u201ePerception of Crises in South Asia \u2013 Processes of Negotiation in Decision Making\u201c Helene Basu in cooperation with Annika Strauss: \u201eComing in and Coming out \u2013 Crises and Negotiation surrounding Admission and Discharge Processes in an Indian Mental Health Institution\u201c<\/span><\/p>\n<p><span style=\"font-family: verdana,geneva,sans-serif;\">2015 Lab facilitated at EASA Teaching Anthropology Network-Conference: \u201cOne discipline, many ways: Teaching anthropology in changing contexts\u201d, September 3<sup>rd<\/sup>-4<sup>th<\/sup>, Copenhagen: \u201cGiving Meaning to Experiences \u2013 Experiments with Experiential Teaching Methods in a Study Abroad Programme\u201d<\/span><\/p>\n<p><span style=\"font-family: verdana,geneva,sans-serif;\">2015. Workshop on \u201ePostcolonial Encounters\u201c organized by Tata Institute of Social Sciences Tuljapur and Department of Social Anthropology, WWU Muenster, DAAD \u201cA New Passage to India\u201d; February 23<sup>rd<\/sup>-25<sup>th<\/sup>, Tuljapur Campus, Tuljapur, Osmanabad, Maharashtra, India: \u201eLaboratory: Unsettling Experiences in Cross-Cultural Encounters\u201d<\/span><\/p>\n<p><span style=\"font-family: verdana,geneva,sans-serif;\">2014. 27<sup>th<\/sup> FK-AGEM e.V. \u201cGlobal Mental Health \u2013 Mental Health in Africa, Asia and Latin America from Anthropological and Cultural Psychiatric Points of View\/Psychische Gesundheit und Krankheit in Afrika, Asien und Lateinamerika aus ethnologischer und kulturpsychiatrischer Sicht, Heidelberg V\u00f6lkerkundemuseum\u201c June 27<sup>th<\/sup>-29<sup>th<\/sup>: \u201e&#8217;What a Psychiatric Patient Can Tell Us about Psychiatric Culture?&#8217; &#8211; Reflections on Anthropological Fieldwork in Two Psychiatric Institutions in Mumbai\/India\u201c<\/span><\/p>\n<p><span style=\"font-family: verdana,geneva,sans-serif;\">2014. Talk at \u201eChalo India\u201c, Indian Film Festival M\u00fcnster, April 24<sup>th<\/sup>-26<sup>th<\/sup>: \u201eDie weibliche Verr\u00fccktheit \u2013 Frauen zwischen Depression und Besessenheit in der indischen Psychiatrie\u201d [\u201eFemale Madness \u2013 Women, Depression, and Possession in Indian Psychiatry]<\/span><\/p>\n<p><span style=\"font-family: verdana,geneva,sans-serif;\">2013. 26<sup>th<\/sup> FK-AGEM e.V. &#8220;Stranger and Friend \u2013 Der Platz langfristiger Feldforschungen in den Diskursen zur &#8216;Global Health&#8217; \/ The Place of Long Term Anthropological Field Research for the Project of &#8216;Global Health&#8217;\u201c, November 15<sup>th<\/sup>-17<sup>th<\/sup> \u2013 Anthropos-Institut in St. Augustin: \u201e\u201aStaying Sane in Insane Places\u2018 \u2013 Reflektionen \u00fcber \u201aersch\u00fctternde\u2018 Feldforschungserfahrungen in psychiatrischen Settings\u201c [\u201eReflections on \u201aUnsettling\u2018 Fieldwork Experiences in Psychiatric Settings\u201c]<\/span><\/p>\n<p><span style=\"font-family: verdana,geneva,sans-serif;\">2012. International Conference \u201ePsychotic Experiences, Religion, and Spirituality\u201c, May 14<sup>th<\/sup>\u201316<sup>th<\/sup>, Universit\u00e9 Paris Descartes, 45 rue des Saints-P\u00e8res \u2013 Paris: \u201eWorkshop: Fieldwork Notes on Religious Psychotic Episodes in Psychiatric Facilities\u201d held together with Tiago Pires Marques (Cermes 3 &#8211; Un. Paris Descartes; CEHR \u2013 Catholic Un. Portugal), Livia Velpry (Cermes 3 &#8211; Un. Paris Descartes), and M\u00f4nica Nunes (NISAM \u2013 Federal University of Bahia)<\/span><\/p>\n<p><span style=\"font-family: verdana,geneva,sans-serif;\">2010. 23<sup>rd<\/sup> FK-AGEM \u201e40 Jahre Forschen im Interdisziplin\u00e4ren Arbeitsfeld Ethnologie &amp; Medizin: R\u00fcckblick und Ausblicke\u201c [\u201e40 Years of Research in the Interdisciplinary Field of Social Anthropology &amp; Medicine: Retrospect and Perspectives\u201c], Heidelberg V\u00f6lkerkundemuseum, October 22<sup>th<\/sup>-24<sup>th<\/sup>: \u201c\u2019They are like our children\u2019 &#8211; Das Rehabilitationskonzept einer NGO f\u00fcr psychisch kranke Obdachlose im westlichen Indien\u201d [\u201eThe Concept of Rehabilitation Prevalent in an NGO Taking Care of Mentally Ill Roadside Destitutes in Western India\u201c]<\/span><\/p>\n<p><span style=\"font-family: verdana,geneva,sans-serif;\">2007. 4<sup>th <\/sup>Student-Symposium in Social-Anthropology, \u201eEthnologie \u2013 ein sinnliches Abenteuer\u201c [\u201eSocial Anthropology \u2013 A Sensual Experience\u201c], June 15<sup>th<\/sup>-17<sup>th<\/sup>, Georg-August-Universit\u00e4t G\u00f6ttingen: \u201eNicht mehr Herr der eignen Sinne?! \u2013 \u00dcberlegungen zur ethnologischen Interpretation des Ph\u00e4nomens der Besessenheit und seiner Wahrnehmung im westlich psychiatrischen Kontext\u201c [\u201eBeing Out of One\u2018s Senses!? &#8211; Reflections on Social Anthropological Interpretation of Possession Phenomena and its Perception in Western Psychiatric Contexts\u201c]<\/span><\/p>\n","protected":false},"excerpt":{"rendered":"<p>annika.strauss[at]wwu.de Annika Strauss graduated (Magistra Artium) in Social Anthropology (Main Subject), Political Science (1st Subsidiary) and Economic Policy (2nd Subsidiary) in October 2010. Her final thesis is titled \u201cHomeless Madmen\/women \u2013 Ethnography of a Rehabilitation Project for Mentally Ill Roadside&hellip; <\/p>\n","protected":false},"author":37,"featured_media":0,"parent":64,"menu_order":8,"comment_status":"closed","ping_status":"closed","template":"","meta":{"footnotes":""},"class_list":["post-745","page","type-page","status-publish","hentry"],"_links":{"self":[{"href":"https:\/\/www.medicalanthropology.de\/english\/wp-json\/wp\/v2\/pages\/745","targetHints":{"allow":["GET"]}}],"collection":[{"href":"https:\/\/www.medicalanthropology.de\/english\/wp-json\/wp\/v2\/pages"}],"about":[{"href":"https:\/\/www.medicalanthropology.de\/english\/wp-json\/wp\/v2\/types\/page"}],"author":[{"embeddable":true,"href":"https:\/\/www.medicalanthropology.de\/english\/wp-json\/wp\/v2\/users\/37"}],"replies":[{"embeddable":true,"href":"https:\/\/www.medicalanthropology.de\/english\/wp-json\/wp\/v2\/comments?post=745"}],"version-history":[{"count":6,"href":"https:\/\/www.medicalanthropology.de\/english\/wp-json\/wp\/v2\/pages\/745\/revisions"}],"predecessor-version":[{"id":949,"href":"https:\/\/www.medicalanthropology.de\/english\/wp-json\/wp\/v2\/pages\/745\/revisions\/949"}],"up":[{"embeddable":true,"href":"https:\/\/www.medicalanthropology.de\/english\/wp-json\/wp\/v2\/pages\/64"}],"wp:attachment":[{"href":"https:\/\/www.medicalanthropology.de\/english\/wp-json\/wp\/v2\/media?parent=745"}],"curies":[{"name":"wp","href":"https:\/\/api.w.org\/{rel}","templated":true}]}}