{"id":668,"date":"2015-05-29T10:52:32","date_gmt":"2015-05-29T09:52:32","guid":{"rendered":"https:\/\/www.medicalanthropology.de\/english\/?page_id=668"},"modified":"2017-11-14T19:40:29","modified_gmt":"2017-11-14T18:40:29","slug":"meier-zu-biesen-caroline","status":"publish","type":"page","link":"https:\/\/www.medicalanthropology.de\/english\/members\/l-r\/meier-zu-biesen-caroline\/","title":{"rendered":"Meier zu Biesen, Caroline"},"content":{"rendered":"<p><a href=\"http:\/\/cmeier[at]zedat.fu-berlin.de\">cmeier[at]zedat.fu-berlin.de<\/a><\/p>\n<p>&nbsp;<\/p>\n<p><span style=\"color: black; font-family: verdana,geneva,sans-serif; font-size: 10pt;\">I received my Phd degree at the Department of Social and Cultural Anthropology, Freie Universit\u00e4t Berlin. Following my interest in the changing perceptions and uses of medical products as they move through the conditions of globalization, for my PhD fieldwork I examined the political and social transitions that happen in the transfer of the traditional antimalarial medicinal plant Artemisia annua L. from China to Tanzania. Malaria in Tanzania became a lens for exploring local and global health governance. Based on thirteen months of ethnographic research, I scrutinized why health levels have stagnated due to poverty as well as policy and global power relations, and critically revealed the dialectics and reciprocities between different actors and their relationship to existing influential reference systems (such as the WHO, the pharmaceutical industry). <\/span><\/p>\n<p><span style=\"font-family: verdana,geneva,sans-serif; font-size: 10pt;\">Since 2008 I am a research fellow and lecturer at the Institute of Social and Cultural Anthropology in Berlin as well as an associate member of its cluster Medical Anthropology.<\/span><br \/>\n<span style=\"font-family: verdana,geneva,sans-serif; font-size: 10pt;\"> Between 2011 and 2014 I conducted a research project in collaboration with the NGO \u201cWorld Doctors\u201d, the Institute of Social and Cultural Anthropology in Berlin, and the Ministry of Health in Zanzibar. The project aims to develop a productive relationship between Zanzibar\u00b4s traditional and biomedical health care system in order to improve access to, and quality of, health services for the clients of both systems.<\/span><br \/>\n<span style=\"font-family: verdana,geneva,sans-serif; font-size: 10pt;\"> Since 2015 I am a postdoctoral fellow with the ERC-funded project GLOBHEALTH at Cermes3 in Paris. My current research project aims to contribute to the understanding of health and medical practices as they are configured by the dynamics of transnational mobility; specifically, it will examine the \u201cSouth-South\u201d circulation of traditional Asian medical practices, substances, and procedures between India and Tanzania.<\/span><\/p>\n<p><span style=\"font-family: verdana,geneva,sans-serif; font-size: 10pt;\">In 2015 I became an ERC-funded Postdoctoral Fellow with GLOBHEALTH at the Cermes3 in Paris (Centre de recherche m\u00e9decine, sciences, sant\u00e9, sant\u00e9 mentale, soci\u00e9t\u00e9). My research project is part of the project component \u201cGlobalizing Therapeutic Techniques and Industrial Products in Asian Medicine\u201d. It explores East African-Asian interactions and their transformative potential in regard to health. \u2028<\/span><\/p>\n<p><span style=\"font-family: verdana,geneva,sans-serif; font-size: 10pt;\">In 2017 I started my DFG-funded project that investigates the transformation of the traditional healthcare sector in Zanzibar, including the changing roles of healers as a consequence of globalization and the transposition of biomedical technology.<br \/>\n<\/span><\/p>\n<p><span style=\"font-family: verdana,geneva,sans-serif; font-size: 10pt;\"><strong><span style=\"color: black;\">Research Interests<\/span><\/strong><\/span><\/p>\n<p><span style=\"color: black; font-family: verdana,geneva,sans-serif; font-size: 10pt;\">Global health governance; social inequality and medicine; anthropology of pharmaceuticals; traditional medicine; HIV\/AIDS and malaria, migration and health<\/span><\/p>\n<p><span style=\"font-family: verdana,geneva,sans-serif; font-size: 10pt;\"><strong><span style=\"color: black;\">Research Area (s)<\/span><\/strong><\/span><\/p>\n<p><span style=\"color: black; font-family: verdana,geneva,sans-serif; font-size: 10pt;\">East Africa (Tanzania, Zanzibar, Kenya, Ethiopia); India <\/span><\/p>\n<p><span style=\"font-family: verdana,geneva,sans-serif; font-size: 10pt;\">\u00a0<\/span><\/p>\n<p><span style=\"font-family: verdana,geneva,sans-serif; font-size: 10pt;\"><strong><span style=\"color: black;\">Publications<\/span><\/strong><\/span><\/p>\n<p><span style=\"color: black; font-family: verdana,geneva,sans-serif; font-size: 10pt;\"><em>Journal Articles<\/em><\/span><\/p>\n<p><span style=\"color: black; font-family: verdana,geneva,sans-serif; font-size: 10pt;\">2017. \u201cFrom coastal to global: The transnational flow of Ayurveda and its relevance for Indo-African linkages\u201c. Global Public Health (1-16), DOI: 10.1080\/17441692.2017.1281328 <\/p>\n<p><span style=\"color: black; font-family: verdana,geneva,sans-serif; font-size: 10pt;\">2010. \u201eThe rise to prominence of Artemisia annua L. \u2013 the transformation of a Chinese plant to a global pharmaceutical. African Sociological Review 14 (2): 24-46.<\/span><\/p>\n<p><span style=\"color: black; font-family: verdana,geneva,sans-serif; font-size: 10pt;\"><em>Monographs and Edited Volumes<\/em><\/span><\/p>\n<p><span style=\"color: black; font-family: verdana,geneva,sans-serif; font-size: 10pt;\">2014. \u201eNotions of efficacy around a Chinese medicinal plant: Artemisia annua \u2013 an innovative AIDS-therapy in Tanzania\u201c. In: Van Dijk, R., H. Dilger, M. Burchardt and T. Rasing (Eds.): Religion and AIDS-Treatment in Africa: Saving Souls, Prolonging Lives. London u.a.: Ashgate: 271-295. <\/span><\/p>\n<p><span style=\"color: black; font-family: verdana,geneva,sans-serif; font-size: 10pt;\"><em>Chapters in Edited Book<\/em><\/span><\/p>\n<p><span style=\"color: black; font-family: verdana,geneva,sans-serif; font-size: 10pt;\">in Print: Artemisia annua and Grassroots Responses to Health Crises in Rural Tanzania. In: T. Aftab, M. Naeem, and M. Masroor A. Khan, Artemisia annua: prospects, Applications and Therapeutic Uses, CRC Press\/Taylor &#038; Francis Group, Boca Raton, Florida. <\/p>\n<p><span style=\"color: black; font-family: verdana,geneva,sans-serif; font-size: 10pt;\">2014. \u201eNotions of efficacy around a Chinese medicinal plant: Artemisia annua \u2013 an innovative AIDS-therapy in Tanzania\u201c. In: Van Dijk, R., H. Dilger, M. Burchardt und T. Rasing (Hrsg.): Religion and AIDS-Treatment in Africa: Saving Souls, Prolonging Lives. London u.a.: Ashgate: 271-295.<\/span><\/p>\n<p><span style=\"color: black; font-family: verdana,geneva,sans-serif; font-size: 10pt;\"><em>Other<\/em><\/span><\/p>\n<p><span style=\"color: black; font-family: verdana,geneva,sans-serif; font-size: 10pt;\">2014. Together with Mustafa Abdalla, Anika K\u00f6nig, Dominik Mattes, Ursula Probst, Britta Rutert, Judith Sch\u00fchle, Nasima Selim. Conference report on the 5th Annual Medical Anthropology Young Scholars Meeting, 4-5 July 2014, Freie Universit\u00e4t Berlin. In: Medicine, Anthropology, Theory. 1. Dezember 2014<\/p>\n<p><span style=\"color: black; font-family: verdana,geneva,sans-serif; font-size: 10pt;\">Together with H. Dilger and T. Nienstedt 2012. Bridging gaps in health care and healing: Traditional medicine and the biomedical health care sector in Zanzibar. Freie Universit\u00e4t Berlin. ISBN: 978-3-00-040272-2. <\/span><\/p>\n<p><span style=\"font-family: verdana,geneva,sans-serif; font-size: 10pt;\">\u00a0<\/span><\/p>\n<p><span style=\"font-family: verdana,geneva,sans-serif; font-size: 10pt;\"><strong><span style=\"color: black;\">Conference Presentations (since 2007)<\/span><\/strong><\/span><\/p>\n<p><span style=\"color: black; font-family: verdana,geneva,sans-serif; font-size: 10pt;\">2015. From coastal to global: Circulation of Ayurveda between India and Tanzania. Poster-Presentation. Globhealth Inaugural Conference: From International to Global: Knowledge, Diseases and the Postwar Government of Health. Bierville, France.<br \/>\n<\/span><\/p>\n<p><span style=\"color: black; font-family: verdana,geneva,sans-serif; font-size: 10pt;\">2014. Global health governance and malaria: A case study from Tanzania. Working group Medical Anthropology, Institute of Social and Cultural Anthropology, Freie Universit\u00e4t Berlin, Germany.<br \/>\n<\/span><\/p>\n<p><span style=\"color: black; font-family: verdana,geneva,sans-serif; font-size: 10pt;\">2013. Medicine, power and mobility in global contexts: Malaria in Tanzania. Institute of Social and Cultural Anthropology, Freie Universit\u00e4t Berlin, Germany.<br \/>\n<\/span><\/p>\n<p><span style=\"color: black; font-family: verdana,geneva,sans-serif; font-size: 10pt;\">2013. The rise to prominence of Artemisia annua L.: Transformation of a Chinese plant to a global pharmaceutical. Anthropology research group on Eastern Medicines and Religions, Oxford, United Kingdom.<br \/>\n<\/span><\/p>\n<p><span style=\"color: black; font-family: verdana,geneva,sans-serif; font-size: 10pt;\">2012. Notions of efficacy and innovative AIDS therapies in Tanzania. 15th Anniversary Conference of the Work Group Medical Anthropology, Vienna, Austria.<br \/>\n<\/span><\/p>\n<p><span style=\"color: black; font-family: verdana,geneva,sans-serif; font-size: 10pt;\">2012. Crossing borders with(in) medicine: Dialectic efficacy-constructions of an antimalarial-plant. Annual Conference of the American Anthropological Association, San Fransicso, USA.<br \/>\n<\/span><\/p>\n<p><span style=\"color: black; font-family: verdana,geneva,sans-serif; font-size: 10pt;\">2012. Bridging gaps in health care and healing: Traditional medicine and the biomedical health care sector in Zanzibar. Ministry of Health Zanzibar, Stone Town, Zanzibar.<br \/>\n<\/span><\/p>\n<p><span style=\"color: black; font-family: verdana,geneva,sans-serif; font-size: 10pt;\">2012. Treatment-seeking behavior for malaria in Tanzania \u2013 Uncertainty and trust in medicines and therapeutic techniques. Annual Conference of the European Association of Social Anthropologists, Nanterre University, Paris, France.<br \/>\n<\/span><\/p>\n<p><span style=\"color: black; font-family: verdana,geneva,sans-serif; font-size: 10pt;\">2012. The rise to prominence of Artemisia annua L.: Transformation of a Chinese plant to a global pharmaceutical. La mondialisation de la sant\u00e9 et du medicament au XXe si\u00e8cle: saviors, industrie, regulation, Ecole des Hautes Etudes en Sciences Sociales, Paris, France.<br \/>\n<\/span><\/p>\n<p><span style=\"color: black; font-family: verdana,geneva,sans-serif; font-size: 10pt;\">2012. Engagements of healers and anthropologists in processes of recognition. Working group Medical Anthropology, Institute of Social and Cultural Anthropology, Freie Universit\u00e4t Berlin, Germany.<br \/>\n<\/span><\/p>\n<p><span style=\"color: black; font-family: verdana,geneva,sans-serif; font-size: 10pt;\">2011. Social life of medical technologies and pharmaceuticals. Panel chair together with Claire Beaudevin (Cermes3). Annual meeting of Medical Anthropologists Young Scholars, University of Warsaw, Poland.<br \/>\n<\/span><\/p>\n<p><span style=\"color: black; font-family: verdana,geneva,sans-serif; font-size: 10pt;\">2010. Health Politics in an Interconnected World. An International Essay Competition of the Irmgard Coninx Foundation, the Social Science Research Center Berlin (WZB), and Humboldt-Universit\u00e4t Berlin, Germany.<br \/>\n<\/span><\/p>\n<p><span style=\"color: black; font-family: verdana,geneva,sans-serif; font-size: 10pt;\">2010. Artemisinin-basierte Therapien im Spannungsfeld von lokaler Aneignung und globalen (Macht-)Strukturen [Artemisinin-based therapies in the context of local appropriation processes and global power structures]. Annual Meeting of the NGO Anamed e.V., Stuttgart, Germany.<br \/>\n<\/span><\/p>\n<p><span style=\"color: black; font-family: verdana,geneva,sans-serif; font-size: 10pt;\">2010. Medicating crisis: The rise to prominence of Artemisia annua L. \u2013 the transformation of a Chinese plant to a global pharmaceutical. Annual Conference of the European Association of Social Anthropologists, Maynooth, Ireland.<br \/>\n<\/span><\/p>\n<p><span style=\"color: black; font-family: verdana,geneva,sans-serif; font-size: 10pt;\">2010. Gesundheit global. Forschungen zu Kultur und Medizin [Global health. Research on culture and medicine]. Long Night of Science, the Institute of Social and Cultural Anthropology, Freie Universit\u00e4t Berlin, Germany.<br \/>\n<\/span><\/p>\n<p><span style=\"color: black; font-family: verdana,geneva,sans-serif; font-size: 10pt;\">2009. Developmental effects of fair trade. Conference on development policy, Friedrich-Ebert-Stiftung, Berlin, Germany.<br \/>\n<\/span><\/p>\n<p><span style=\"color: black; font-family: verdana,geneva,sans-serif; font-size: 10pt;\">2009. Self-reliant treatment for malaria in developing countries. German Agro Action, Addis Abeba, Ethiopia.<br \/>\n<\/span><\/p>\n<p><span style=\"color: black; font-family: verdana,geneva,sans-serif; font-size: 10pt;\">2009. Development policy issues on health in East-Africa. Centre for Rural Development (SLE), Berlin, Germany. <\/span><\/p>\n<p><span style=\"font-family: verdana,geneva,sans-serif; font-size: 10pt;\">\u00a0<\/span><\/p>\n<p><span style=\"font-family: verdana,geneva,sans-serif; font-size: 10pt;\">\u00a0<\/span><\/p>\n","protected":false},"excerpt":{"rendered":"<p>cmeier[at]zedat.fu-berlin.de &nbsp; I received my Phd degree at the Department of Social and Cultural Anthropology, Freie Universit\u00e4t Berlin. Following my interest in the changing perceptions and uses of medical products as they move through the conditions of globalization, for my&hellip; <\/p>\n","protected":false},"author":4,"featured_media":0,"parent":59,"menu_order":3,"comment_status":"closed","ping_status":"closed","template":"","meta":{"footnotes":""},"class_list":["post-668","page","type-page","status-publish","hentry"],"_links":{"self":[{"href":"https:\/\/www.medicalanthropology.de\/english\/wp-json\/wp\/v2\/pages\/668","targetHints":{"allow":["GET"]}}],"collection":[{"href":"https:\/\/www.medicalanthropology.de\/english\/wp-json\/wp\/v2\/pages"}],"about":[{"href":"https:\/\/www.medicalanthropology.de\/english\/wp-json\/wp\/v2\/types\/page"}],"author":[{"embeddable":true,"href":"https:\/\/www.medicalanthropology.de\/english\/wp-json\/wp\/v2\/users\/4"}],"replies":[{"embeddable":true,"href":"https:\/\/www.medicalanthropology.de\/english\/wp-json\/wp\/v2\/comments?post=668"}],"version-history":[{"count":9,"href":"https:\/\/www.medicalanthropology.de\/english\/wp-json\/wp\/v2\/pages\/668\/revisions"}],"predecessor-version":[{"id":939,"href":"https:\/\/www.medicalanthropology.de\/english\/wp-json\/wp\/v2\/pages\/668\/revisions\/939"}],"up":[{"embeddable":true,"href":"https:\/\/www.medicalanthropology.de\/english\/wp-json\/wp\/v2\/pages\/59"}],"wp:attachment":[{"href":"https:\/\/www.medicalanthropology.de\/english\/wp-json\/wp\/v2\/media?parent=668"}],"curies":[{"name":"wp","href":"https:\/\/api.w.org\/{rel}","templated":true}]}}