{"id":64,"date":"2014-02-22T15:08:49","date_gmt":"2014-02-22T13:08:49","guid":{"rendered":"https:\/\/www.medicalanthropology.de\/english\/?page_id=64"},"modified":"2017-11-12T21:27:33","modified_gmt":"2017-11-12T20:27:33","slug":"s","status":"publish","type":"page","link":"https:\/\/www.medicalanthropology.de\/english\/members\/s\/","title":{"rendered":"S"},"content":{"rendered":"<div>\n<p><span style=\"color: black; font-family: Verdana,Georgia,Arial;\"><a href=\"https:\/\/www.medicalanthropology.de\/english\/members\/s\/salzhuber-stephanie\/\" target=\"_blank\" rel=\"noopener\">Salzhuber, Stephanie<\/a><\/span><\/p>\n<p><span style=\"color: black; font-family: Verdana,Georgia,Arial;\"><a href=\"https:\/\/www.medicalanthropology.de\/english\/members\/s\/schalinski-adelheid\/\" target=\"_blank\" rel=\"noopener\">Schalinski, Adelheid<\/a><\/span><\/p>\n<p><span style=\"color: black; font-family: Verdana,Georgia,Arial;\"><a href=\"https:\/\/www.medicalanthropology.de\/english\/members\/s\/schrempf-mona\/\" target=\"_blank\" rel=\"noopener\">Schrempf, Mona<\/a><\/span><\/p>\n<p><span style=\"color: black; font-family: Verdana,Georgia,Arial;\"><a href=\"https:\/\/www.medicalanthropology.de\/english\/members\/s\/schroder-ekkehard\/\" target=\"_blank\" rel=\"noopener\">Schr\u00f6der, Ekkehard<\/a><\/span><\/p>\n<p><span style=\"color: black; font-family: Verdana,Georgia,Arial;\"><a href=\"https:\/\/www.medicalanthropology.de\/english\/members\/s\/schweiger-petra\/\" target=\"_blank\" rel=\"noopener\">Schweiger, Petra<\/a><\/span><\/p>\n<p><span style=\"color: black; font-family: Verdana,Georgia,Arial;\"><a href=\"https:\/\/www.medicalanthropology.de\/english\/selim-nasima\/\" target=\"_blank\" rel=\"noopener\">Selim, Nasima<\/a><\/span><\/p>\n<p><span style=\"color: black; font-family: Verdana,Georgia,Arial;\"><a href=\"https:\/\/www.medicalanthropology.de\/english\/stockigt-barbara\/\" target=\"_blank\" rel=\"noopener\">St\u00f6ckigt, Barbara<\/a><\/span><\/p>\n<p><span style=\"color: black; font-family: Verdana,Georgia,Arial;\"><a href=\"https:\/\/www.medicalanthropology.de\/english\/members\/s\/steuer-noemi\/\" target=\"_blank\" rel=\"noopener\">Steuer, Noemi<\/a><\/span><\/p>\n<p><span style=\"color: black; font-family: Verdana,Georgia,Arial;\"><a href=\"https:\/\/www.medicalanthropology.de\/english\/members\/s\/strahl-hilde\/\" target=\"_blank\" rel=\"noopener\">Strahl, Hilde<\/a><\/span><\/p>\n<p><span style=\"font-family: verdana,geneva,sans-serif;\"><a href=\"https:\/\/www.medicalanthropology.de\/english\/strauss-annika\/\" target=\"_blank\" rel=\"noopener\">Strauss, Annika<\/a><\/span><\/p>\n<p><span style=\"color: black; font-family: Verdana,Georgia,Arial;\"><a href=\"https:\/\/www.medicalanthropology.de\/english\/members\/s\/stulb-magdalena\/\" target=\"_blank\" rel=\"noopener\">St\u00fclb, Magdalena<\/a><\/span><\/p>\n<\/div>\n","protected":false},"excerpt":{"rendered":"<p>Salzhuber, Stephanie Schalinski, Adelheid Schrempf, Mona Schr\u00f6der, Ekkehard Schweiger, Petra Selim, Nasima St\u00f6ckigt, Barbara Steuer, Noemi Strahl, Hilde Strauss, Annika St\u00fclb, Magdalena<\/p>\n","protected":false},"author":1,"featured_media":0,"parent":21,"menu_order":5,"comment_status":"closed","ping_status":"open","template":"","meta":{"footnotes":""},"class_list":["post-64","page","type-page","status-publish","hentry"],"_links":{"self":[{"href":"https:\/\/www.medicalanthropology.de\/english\/wp-json\/wp\/v2\/pages\/64","targetHints":{"allow":["GET"]}}],"collection":[{"href":"https:\/\/www.medicalanthropology.de\/english\/wp-json\/wp\/v2\/pages"}],"about":[{"href":"https:\/\/www.medicalanthropology.de\/english\/wp-json\/wp\/v2\/types\/page"}],"author":[{"embeddable":true,"href":"https:\/\/www.medicalanthropology.de\/english\/wp-json\/wp\/v2\/users\/1"}],"replies":[{"embeddable":true,"href":"https:\/\/www.medicalanthropology.de\/english\/wp-json\/wp\/v2\/comments?post=64"}],"version-history":[{"count":14,"href":"https:\/\/www.medicalanthropology.de\/english\/wp-json\/wp\/v2\/pages\/64\/revisions"}],"predecessor-version":[{"id":914,"href":"https:\/\/www.medicalanthropology.de\/english\/wp-json\/wp\/v2\/pages\/64\/revisions\/914"}],"up":[{"embeddable":true,"href":"https:\/\/www.medicalanthropology.de\/english\/wp-json\/wp\/v2\/pages\/21"}],"wp:attachment":[{"href":"https:\/\/www.medicalanthropology.de\/english\/wp-json\/wp\/v2\/media?parent=64"}],"curies":[{"name":"wp","href":"https:\/\/api.w.org\/{rel}","templated":true}]}}