{"id":518,"date":"2014-07-19T18:32:01","date_gmt":"2014-07-19T16:32:01","guid":{"rendered":"https:\/\/www.medicalanthropology.de\/english\/?page_id=518"},"modified":"2016-09-05T16:55:28","modified_gmt":"2016-09-05T15:55:28","slug":"regularly-taught-classes","status":"publish","type":"page","link":"https:\/\/www.medicalanthropology.de\/english\/teaching\/regularly-taught-classes\/","title":{"rendered":"Regularly taught classes"},"content":{"rendered":"<p>&nbsp;<\/p>\n<p><span style=\"font-family: Verdana,Georgia,Arial;\"><strong>Swiss Tropical and Public Health Institute (Swiss TPH), Basel, Switzerland:<\/strong><\/span><\/p>\n<p><span style=\"font-family: Verdana,Georgia,Arial;\">As part of the General <\/span><span style=\"font-family: Verdana,Georgia,Arial;\">Tropical <\/span><span style=\"font-family: Verdana,Georgia,Arial;\"> Course\/ATK one lecture &#8216;Introduction into Medical Anthropology&#8217; is taught every winter semester since 1998 (contact: Dr. Piet van Eeuwijk, <a href=\"mailto:peter.vaneeuwijk@unibas.ch\">peter.vaneeuwijk@unibas.ch<\/a>).<\/span><\/p>\n<p>&nbsp;<\/p>\n<p><span style=\"font-family: Verdana,Georgia,Arial;\"><b>Institute of Social and Cultural Anthropology, Freie Universit\u00e4t Berlin:<br \/>\n<\/b><\/span><\/p>\n<p><span style=\"font-family: verdana,geneva,sans-serif;\">The Institute of Social and Cultural Anthropology at Freie Universit\u00e4t Berlin is offering an MA degree program &#8216;Social and Cultural Anthropology&#8217; that provides students with the option to choose Medical Anthropology as a focus area. The focus area of Medical Anthropology includes a &#8216;profile&#8217; titled &#8216;Medicine and Healing&#8217;, which consists of two obligatory courses:<\/span><\/p>\n<ul>\n<li type=\"square\"><span style=\"font-family: verdana,geneva,sans-serif;\">Theories in Medical Anthropology<br \/>\n<\/span><\/li>\n<li type=\"square\"><span style=\"font-family: verdana,geneva,sans-serif;\">Illness and Healing in the global context<br \/>\n<\/span><\/li>\n<\/ul>\n<p><span style=\"font-family: verdana,geneva,sans-serif;\">More information on the MA Program and the Research Area Medical Anthropology at the Institute of Social and Cultural Anthropology, FU Berlin, is available <a href=\"http:\/\/www.polsoz.fu-berlin.de\/en\/ethnologie\/studium\/master_ska\/index.html\">here.<\/a><\/span> <span style=\"font-family: verdana,geneva,sans-serif;\">Contact: Angelika Wolf, MA (angewolf[at]zedat.fu-berlin.de)<\/span><\/p>\n<p>&nbsp;<\/p>\n<p><span style=\"font-family: verdana,geneva,sans-serif;\"><strong>Institute for Social Anthropology, Westf\u00e4lische Wilhelms-Universit\u00e4t M\u00fcnster:<\/strong><\/span><\/p>\n<p><span style=\"font-family: verdana,geneva,sans-serif;\">1. Seminar: Transcultural Psychiatry<\/span><\/p>\n<p><span style=\"font-family: verdana,geneva,sans-serif;\">2. Projektseminar: Trans\/cultural Psychiatry: Interdisciplinary Research Areas, Method &amp; Project Design in Medical Anthropology<\/span><\/p>\n<p><span style=\"font-family: verdana,geneva,sans-serif;\">Both classes are open to students of the BA programme <em>Kultur- &amp; Sozialanthropologie<\/em> and to students of the MA programme <em>Social Anthropology<\/em>. Both classes follow an interdisciplinary approach: local phenomena of \u201aabnormal\u2018 or \u201adeviant\u2018 behaviour are looked upon and discussed from a social anthropological and a(n ethno)psychiatric perspective. The classes are taught via co-teaching by a social anthropologist and a psychiatrist. Language of instruction is German. Contact: Prof. Dr. Helene Basu (hbasu_01[at]wwu.de), Annika Strauss, MA (annika.strauss[at]wwu.de).<br \/>\n<\/span><\/p>\n<p>&nbsp;<\/p>\n<p><span style=\"font-family: Verdana,Georgia,Arial;\"><strong>Institute for Social Anthropology, University of Zurich:<\/strong><\/span><\/p>\n<p><span style=\"font-family: Verdana,Georgia,Arial;\">3-semester Medical Anthropology cycle since 1997, consisting of the following units taught by Dr. Piet van Eeuwijk (peter.vaneeuwijk[at]uzh.ch):<br \/>\n<\/span><\/p>\n<ul>\n<li type=\"square\"><span style=\"font-family: Verdana,Georgia,Arial;\">Medizinethnologie I: Introduction (Lecture)<br \/>\nso far SS 2007, WS 2005\/06, SS 2004, WS 2002\/03, SS 1999<br \/>\n<\/span><\/li>\n<li type=\"square\"><span style=\"font-family: Verdana,Georgia,Arial;\">Medizinethnologie II: Continuation (Proseminar)<br \/>\nso far HS 2007, SS 2006, WS 2004\/05, SS 2003, WS 1999\/00<\/span><\/li>\n<li type=\"square\"><span style=\"font-family: Verdana,Georgia,Arial;\"><span style=\"font-family: Verdana,Georgia,Arial;\">Medizinethnologie III: Applied Medical Anthropology (Problem Oriented Training)<br \/>\nso far WS 2006\/07, SS 2005, WS 2003\/04, WS 2001\/02, SS 2000, WS 1998\/99<\/span><\/span><\/li>\n<\/ul>\n","protected":false},"excerpt":{"rendered":"<p>&nbsp; Swiss Tropical and Public Health Institute (Swiss TPH), Basel, Switzerland: As part of the General Tropical Course\/ATK one lecture &#8216;Introduction into Medical Anthropology&#8217; is taught every winter semester since 1998 (contact: Dr. Piet van Eeuwijk, peter.vaneeuwijk@unibas.ch). &nbsp; Institute of&hellip; <\/p>\n","protected":false},"author":1,"featured_media":0,"parent":13,"menu_order":0,"comment_status":"closed","ping_status":"closed","template":"","meta":{"footnotes":""},"class_list":["post-518","page","type-page","status-publish","hentry"],"_links":{"self":[{"href":"https:\/\/www.medicalanthropology.de\/english\/wp-json\/wp\/v2\/pages\/518","targetHints":{"allow":["GET"]}}],"collection":[{"href":"https:\/\/www.medicalanthropology.de\/english\/wp-json\/wp\/v2\/pages"}],"about":[{"href":"https:\/\/www.medicalanthropology.de\/english\/wp-json\/wp\/v2\/types\/page"}],"author":[{"embeddable":true,"href":"https:\/\/www.medicalanthropology.de\/english\/wp-json\/wp\/v2\/users\/1"}],"replies":[{"embeddable":true,"href":"https:\/\/www.medicalanthropology.de\/english\/wp-json\/wp\/v2\/comments?post=518"}],"version-history":[{"count":11,"href":"https:\/\/www.medicalanthropology.de\/english\/wp-json\/wp\/v2\/pages\/518\/revisions"}],"predecessor-version":[{"id":816,"href":"https:\/\/www.medicalanthropology.de\/english\/wp-json\/wp\/v2\/pages\/518\/revisions\/816"}],"up":[{"embeddable":true,"href":"https:\/\/www.medicalanthropology.de\/english\/wp-json\/wp\/v2\/pages\/13"}],"wp:attachment":[{"href":"https:\/\/www.medicalanthropology.de\/english\/wp-json\/wp\/v2\/media?parent=518"}],"curies":[{"name":"wp","href":"https:\/\/api.w.org\/{rel}","templated":true}]}}