{"id":415,"date":"2014-07-18T10:29:12","date_gmt":"2014-07-18T08:29:12","guid":{"rendered":"https:\/\/www.medicalanthropology.de\/english\/?page_id=415"},"modified":"2018-11-12T22:30:42","modified_gmt":"2018-11-12T21:30:42","slug":"publications-by-members","status":"publish","type":"page","link":"https:\/\/www.medicalanthropology.de\/english\/literature\/publications-by-members\/","title":{"rendered":"Publications by Members (Selection, since 2012)"},"content":{"rendered":"<p>Mattes, Dominik &amp; Hansj\u00f6rg Dilger (eds.). 2018. Im\/Mobilities and Dis\/Connectivities in Medical Globalization: How Global is Global Health?, Special Issue, Global Public Health 13(3).<\/p>\n<p>Menzfeld, Mira. 2018. Anthropology of Dying. A Participant Observation with Dying Persons in Germany. Wiesbaden: VS Verlag f\u00fcr Sozialwissenschaften.<\/p>\n<p>Pauli, Julia &amp; R. van Dijk (eds.). 2016. Change and Continuity in Southern African Marriages. Special Issue, Anthropology Southern Africa 39 &amp; 40.<\/p>\n<p>Hansj\u00f6rg Dilger, Susann Huschke &amp; Dominik Mattes (eds.). 2015. <a href=\"http:\/\/www.tandfonline.com\/doi\/abs\/10.1080\/01459740.2014.960565?journalCode=gmea20\">Ethics, Epistemology, and Engagement: Encountering Values in Medical Anthropology<\/a>. Special Issue, Medical Anthropology 34(3).<\/p>\n<p>Falge, Christiane. 2015. The Global Nuer. Transnational Life-Worlds, Religious Movements and War. K\u00f6ln: R\u00fcdiger K\u00f6ppe.<\/p>\n<p>Keck, Verena &amp; Dominik Schieder. 2015. Contradictions and Complexities \u2013 Current Perspectives on Pacific Islander Mobilities. Special Issue, Anthropological Forum 25(2).<\/p>\n<p>Kroeker, Lena. 2015. In between Life and Death \u2013 Decision-Making of HIV+ Mothers in Lesotho. M\u00fcnster: LIT.<\/p>\n<p>Strauss, Annika &amp; Marion Linska (eds.). 2015. Selbstreflexion im Kontext medizinethnologischer Langzeitfeldforschung\/Self-reflection in the Context of Long-term Field Research in Medical Anthropology. Special Issue, Curare 38 (1+2).<\/p>\n<p>Schrempf, Mona &amp; Nicola Schneider (eds.). 2015. Women as Visionaries, Healers and Agents of Social Transformation in the Himalayas, Tibet, and Mongolia. Special Issue, Revue d\u2019Etudes Tib\u00e9taines 34 (open access, online).<\/p>\n<p>Beckmann, Nadine, Catrine Christiansen &amp; Alessandro Gusman. 2014. Strings Attached: AIDS and the Rise of Transnational Connections in Africa. Oxford: Oxford University Press.<\/p>\n<p>Rijk van Dijk, Hansj\u00f6rg Dilger, Marian Burchardt &amp; Thera Rasing (eds.). 2014. <a title=\"Religion and AIDS Treatment in Africa\" href=\"http:\/\/www.ashgate.com\/isbn\/9781409456698\" target=\"_blank\" rel=\"noopener noreferrer\">Religion and AIDS Treatment in Africa: Saving Souls, Prolonging Lives.<\/a> London: Ashgate.<\/p>\n<p>Kastner, Kristin. 2014. Zwischen Suffering und Styling. Die lange Reise nigerianischer Migrantinnen nach Europa. M\u00fcnster: LIT.<\/p>\n<p>Menzfeld, Mira, Sabine Damir-Geilsdorf &amp; Michaela Pelican (eds.). 2014. Islam und Sport: Einblicke in das interdisziplin\u00e4re Forschungs- und Lehrprojekt \u201aEthnographie vor der Haust\u00fcr\u2018 der Universit\u00e4t zu K\u00f6ln. K\u00f6lner Arbeitspapiere zur Ethnologie, Vol. 5. K\u00f6ln: Institut f\u00fcr Ethnologie, Universit\u00e4t zu K\u00f6ln. <a href=\"http:\/\/ethnologie.phil-fak.uni-koeln.de\/kae.html\">http:\/\/ethnologie.phil-fak.uni-koeln.de\/kae.html<\/a><\/p>\n<p>Caroline Meier zu Biesen. 2013. <a href=\"http:\/\/www.campus.de\/buecher-campus-verlag\/wissenschaft\/kulturwissenschaften\/globale_epidemien_lokale_antworten-4456.html\" target=\"_blank\" rel=\"noopener noreferrer\">Globale Epidemien \u2013 lokale Antworten. Eine Ethnographie der Heilpflanze Artemisia annua in Tansania.<\/a> Frankfurt\/New York: Campus Verlag.<\/p>\n<p>Kurz, Helmar. 2012. Performanz und Modernit\u00e4t im brasilianischen Candombl\u00e9: Eine Interpretation. Hamburg: Kovac.<\/p>\n<p>Redder Angelika, Julia Pauli, Ronald Kie\u00dfling, Kristin B\u00fchrig, Bernhard Brehmer, Ingrid Breckner &amp; Jannis Androutsopoulos. 2013. Mehrsprachige Kommunikation in der Stadt. Das Beispiel Hamburg. M\u00fcnster: Waxmann.<\/p>\n<p>Hansj\u00f6rg Dilger, Abdoulaye Kane &amp; Stacey Langwick (eds.). 2012. <a href=\"http:\/\/www.iupress.indiana.edu\/product_info.php?products_id=783851\" target=\"_blank\" rel=\"noopener noreferrer\">Medicine, Mobility, and Power in Global Africa: Transnational Health and Healing<\/a>. Bloomington: Indiana University Press.<strong><br \/>\n<\/strong><\/p>\n<p>Falge, Christiane, Carlo Ruzza &amp; Oliver Schmidtke. 2012. Migrants and Health: Political and Institutional Responses to Cultural Diversity in Health Systems. Farnham: Ashgate.<\/p>\n<p>H\u00fclshoff, Thomas. 2012. Emotionen. Eine Einf\u00fchrung f\u00fcr beratende, therapeutische, p\u00e4dagogische und soziale Berufe. Reinhardt, M\u00fcnchen, Basel: UTB.<\/p>\n<p>Kastner, Kristin &amp; Hans Peter Hahn (eds.). 2012. Urban Life-Worlds in Motion. African Perspectives. Bielefeld: transcript.<\/p>\n<p>Menzfeld, Mira. 2012. Pilgerreisen und Communitas nach V.W.Turner. M\u00fcnchen: GRIN.<\/p>\n","protected":false},"excerpt":{"rendered":"<p>Mattes, Dominik &amp; Hansj\u00f6rg Dilger (eds.). 2018. Im\/Mobilities and Dis\/Connectivities in Medical Globalization: How Global is Global Health?, Special Issue, Global Public Health 13(3). Menzfeld, Mira. 2018. Anthropology of Dying. A Participant Observation with Dying Persons in Germany. Wiesbaden: VS&hellip; <\/p>\n","protected":false},"author":1,"featured_media":0,"parent":18,"menu_order":0,"comment_status":"closed","ping_status":"closed","template":"","meta":{"footnotes":""},"class_list":["post-415","page","type-page","status-publish","hentry"],"_links":{"self":[{"href":"https:\/\/www.medicalanthropology.de\/english\/wp-json\/wp\/v2\/pages\/415","targetHints":{"allow":["GET"]}}],"collection":[{"href":"https:\/\/www.medicalanthropology.de\/english\/wp-json\/wp\/v2\/pages"}],"about":[{"href":"https:\/\/www.medicalanthropology.de\/english\/wp-json\/wp\/v2\/types\/page"}],"author":[{"embeddable":true,"href":"https:\/\/www.medicalanthropology.de\/english\/wp-json\/wp\/v2\/users\/1"}],"replies":[{"embeddable":true,"href":"https:\/\/www.medicalanthropology.de\/english\/wp-json\/wp\/v2\/comments?post=415"}],"version-history":[{"count":9,"href":"https:\/\/www.medicalanthropology.de\/english\/wp-json\/wp\/v2\/pages\/415\/revisions"}],"predecessor-version":[{"id":1044,"href":"https:\/\/www.medicalanthropology.de\/english\/wp-json\/wp\/v2\/pages\/415\/revisions\/1044"}],"up":[{"embeddable":true,"href":"https:\/\/www.medicalanthropology.de\/english\/wp-json\/wp\/v2\/pages\/18"}],"wp:attachment":[{"href":"https:\/\/www.medicalanthropology.de\/english\/wp-json\/wp\/v2\/media?parent=415"}],"curies":[{"name":"wp","href":"https:\/\/api.w.org\/{rel}","templated":true}]}}