{"id":367,"date":"2014-07-17T11:13:52","date_gmt":"2014-07-17T09:13:52","guid":{"rendered":"https:\/\/www.medicalanthropology.de\/english\/?page_id=367"},"modified":"2014-11-24T14:46:18","modified_gmt":"2014-11-24T12:46:18","slug":"western-societies","status":"publish","type":"page","link":"https:\/\/www.medicalanthropology.de\/english\/literature\/regional\/western-societies\/","title":{"rendered":"Western Societies"},"content":{"rendered":"<p><span style=\"color: black; font-family: Verdana,Georgia,Arial;\"><strong>van Dongen, Els and Sylvie Fainzang (eds.) 1998.<\/strong><em> Medical Anthropology at Home: Creating Distance. <\/em>Special Issue of Anthropology and Medicine 5 (3).<\/span><\/p>\n<p><span style=\"color: black; font-family: Verdana,Georgia,Arial;\"><strong>Eckart, Wolfgang Uwe und Robert J\u00fctte 1994.<\/strong><em> Das europ\u00e4ische Gesundheitssystem. <\/em>Stuttgart: Franz Steiner.<\/span><\/p>\n<p><span style=\"color: black; font-family: Verdana,Georgia,Arial;\"><strong>Favret-Saada, Jeanne 1978.<\/strong><em> Die W\u00f6rter, der Zauber, der Tod. Der Hexenglaube im Hainland von Westfrankreich.<\/em> Frankfurt a.M.: Suhrkamp.<\/span><\/p>\n<p><span style=\"color: black; font-family: Verdana,Georgia,Arial;\"><strong>Foucault, Michel 1999 [1988].<\/strong><em> Die Geburt der Klinik. Eine Arch\u00e4ologie des \u00e4rztlichen Blicks. <\/em>Frankfurt a.M.: Fischer.<\/span><\/p>\n<p><span style=\"color: black; font-family: Verdana,Georgia,Arial;\"><strong>Good, Byron 1994.<\/strong><em> Medicine, Rationality, and Experience: an Anthropological Perspective.<\/em> Cambridge: Cambridge University Press.<\/span><\/p>\n<p><span style=\"color: black; font-family: Verdana,Georgia,Arial;\"><strong>Hauser-Sch\u00e4ublin, Brigitta et. al. 2001. <\/strong><em>Der geteilte Leib: Die kulturelle Dimension von Organtransplantation und Reproduktionsmedizin in Deutschland. <\/em>Frankfurt a.M.: Campus.<\/span><\/p>\n<p><span style=\"color: black; font-family: Verdana,Georgia,Arial;\"><strong>Holmqvist, Tove 2000.<\/strong><em> &#8220;The Hospital is a Uterus&#8221;: Western Discourses of Childbirth in Late Modernity &#8211; a Case Study from Northern Italy. <\/em>Stockholm: University of Stockholm Press.<\/span><\/p>\n<p><span style=\"color: black; font-family: Verdana,Georgia,Arial;\"><strong>Illich, Ivan 1977.<\/strong><em> Die Nemesis der Medizin. Von den Grenzen des Gesundheitswesens. <\/em>Reinbek: Rowohlt.<\/span><\/p>\n<p><span style=\"color: black; font-family: Verdana,Georgia,Arial;\"><strong>Lupton, Deborah 1994.<\/strong><em> Medicine as Culture. Illness, Disease and the Body in Western Societies.<\/em> London: Sage Publications.<\/span><\/p>\n<p><span style=\"color: black; font-family: Verdana,Georgia,Arial;\"><strong>de Martino, Ernesto 2001 [1959]. <\/strong><em>Sud e Magia. <\/em>Milano.<\/span><\/p>\n<p><span style=\"color: black; font-family: Verdana,Georgia,Arial;\"><strong>Mauss, Marcel 1968.<\/strong><em> &#8220;Les Techniques du Corps&#8221;. <\/em>In: Mauss, Marcel: Sociologie et Anthropologie. S. 365-385. Paris: Gallimard.<\/span><\/p>\n","protected":false},"excerpt":{"rendered":"<p>van Dongen, Els and Sylvie Fainzang (eds.) 1998. Medical Anthropology at Home: Creating Distance. Special Issue of Anthropology and Medicine 5 (3). Eckart, Wolfgang Uwe und Robert J\u00fctte 1994. Das europ\u00e4ische Gesundheitssystem. Stuttgart: Franz Steiner. Favret-Saada, Jeanne 1978. Die W\u00f6rter,&hellip; <\/p>\n","protected":false},"author":1,"featured_media":0,"parent":359,"menu_order":0,"comment_status":"closed","ping_status":"closed","template":"","meta":{"footnotes":""},"class_list":["post-367","page","type-page","status-publish","hentry"],"_links":{"self":[{"href":"https:\/\/www.medicalanthropology.de\/english\/wp-json\/wp\/v2\/pages\/367","targetHints":{"allow":["GET"]}}],"collection":[{"href":"https:\/\/www.medicalanthropology.de\/english\/wp-json\/wp\/v2\/pages"}],"about":[{"href":"https:\/\/www.medicalanthropology.de\/english\/wp-json\/wp\/v2\/types\/page"}],"author":[{"embeddable":true,"href":"https:\/\/www.medicalanthropology.de\/english\/wp-json\/wp\/v2\/users\/1"}],"replies":[{"embeddable":true,"href":"https:\/\/www.medicalanthropology.de\/english\/wp-json\/wp\/v2\/comments?post=367"}],"version-history":[{"count":2,"href":"https:\/\/www.medicalanthropology.de\/english\/wp-json\/wp\/v2\/pages\/367\/revisions"}],"predecessor-version":[{"id":400,"href":"https:\/\/www.medicalanthropology.de\/english\/wp-json\/wp\/v2\/pages\/367\/revisions\/400"}],"up":[{"embeddable":true,"href":"https:\/\/www.medicalanthropology.de\/english\/wp-json\/wp\/v2\/pages\/359"}],"wp:attachment":[{"href":"https:\/\/www.medicalanthropology.de\/english\/wp-json\/wp\/v2\/media?parent=367"}],"curies":[{"name":"wp","href":"https:\/\/api.w.org\/{rel}","templated":true}]}}