{"id":365,"date":"2014-07-17T11:13:26","date_gmt":"2014-07-17T09:13:26","guid":{"rendered":"https:\/\/www.medicalanthropology.de\/english\/?page_id=365"},"modified":"2017-06-27T17:02:14","modified_gmt":"2017-06-27T16:02:14","slug":"latin-amerika","status":"publish","type":"page","link":"https:\/\/www.medicalanthropology.de\/english\/literature\/regional\/latin-amerika\/","title":{"rendered":"Latin America"},"content":{"rendered":"<p><span style=\"font-family: verdana,geneva,sans-serif;\"><strong>Armus, Diego (ed). 2003. <\/strong><em>Disease in the History of modern Latin America. From Malaria to AIDS<\/em>. Durham: Duke University Press.<\/span><\/p>\n<p><span style=\"font-family: verdana,geneva,sans-serif;\"><strong>Greenfield, Sidney. 2008.<\/strong> <em>Spirits with Scalpels. The Culturalbiology of Religious Healing in Brazil<\/em>. Walnut Creek: Left Coast.<\/span><\/p>\n<p><span style=\"font-family: verdana,geneva,sans-serif;\"><strong>Huber, Brad and Alan Sandstrom. 2001.<\/strong> <em>Mesoamerican Healers.<\/em> Austin: University of Texas Press.<\/span><\/p>\n<p><span style=\"font-family: verdana,geneva,sans-serif;\"><strong>Knipper, Michael. 2004.<\/strong> <em>Krankheit, Kultur und medizinische Praxis. Eine medizinethnologische Untersuchung zu \u201emal aire\u201c im Amazonastiefland von Ecuador<\/em>. Berlin: Lit.<\/span><\/p>\n<p><span style=\"font-family: verdana,geneva,sans-serif;\"><strong>Koss-Chioini, Joan, Thomas Leatherman and Christine Greenway (eds). 2003.<\/strong> <em>Medical Pluralism in the Andes<\/em>. London: Routledge.<\/span><\/p>\n<p><span style=\"font-family: verdana,geneva,sans-serif;\"><strong>Labate, Beatriz and Clancy Cavnar (eds). 2014.<\/strong> <em>Ayahuasca Shamanism in the Amazon and Beyond<\/em>. Oxford: Oxford University Press.<\/span><\/p>\n<p><span style=\"font-family: verdana,geneva,sans-serif;\"><strong>Leibing, Annette (ed). 1997.<\/strong> <em>The Medical Anthropologies of Brazil. Curare Sonderband 3<\/em>. Berlin VWB.<\/span><\/p>\n<p><span style=\"font-family: verdana,geneva,sans-serif;\"><strong>Montag, Doreen. 2001.<\/strong> <em>Gesundheit und Krankheit im Urumba-Tal\/Peru. Die emische Kategorisierung von Krankheit als Determinante der Heilerwahl und Vermittler zwischen traditioneller und Biomedizin<\/em>. Hamburg: Lit.<\/span><\/p>\n<p><span style=\"font-family: verdana,geneva,sans-serif;\"><strong>Padilla, Mark. 2007.<\/strong> <em>Caribbean Pleasure Industry. Tourism, Sexuality, and AIDS in the Dominican Republic<\/em>. Chicago: University of Chicago Press.<\/span><\/p>\n<p><span style=\"font-family: verdana,geneva,sans-serif;\"><strong>Schaffler, Yvonne. 2009.<\/strong> <em>Vod\u00fa. Das ist Sache der Anderen! Kreolische Medizin, Spiritualit\u00e4t und Identit\u00e4t im S\u00fcdwesten der Dominikanischen Republik<\/em>. Wien: Lit.<\/span><\/p>\n<p><span style=\"font-family: verdana,geneva,sans-serif;\"><strong>Seligman, Rebecca. 2014.<\/strong> <em>Possessing Spirits and Healing Selves. Embodiment and Transformation in an Afro-Brazilian Religion<\/em>. New York: Palgrave McMillan.<\/span><\/p>\n<p><span style=\"font-family: verdana,geneva,sans-serif;\"><strong>Smith-Nonini, Sandy. 2010.<\/strong> <em>Healing the Body Politic. El Salvador\u2019s Popular Struggle for Health Rights. From Civil War to Neoliberal Peace<\/em>. New Brunswick: Rutgers University Press.<\/span><\/p>\n<p><span style=\"font-family: verdana,geneva,sans-serif;\"><strong>Tapias, Maria. 2015.<\/strong> <em>Embodied Protests. Emotions and Women\u2019s Health in Bolivia<\/em>. Urbana: University of Illinois Press.<\/span><\/p>\n<p><span style=\"font-family: verdana,geneva,sans-serif;\"><strong>Whiteford, Linda and Lawrence Branch. 2008.<\/strong> <em>Primary Health Care in Cuba. <\/em><em>The Other Revolution<\/em>. Lanham: Rowman &amp; Littlefield.<\/span><\/p>\n<p><span style=\"font-family: verdana,geneva,sans-serif;\"><strong>W\u00f6rrle, Bernhard. 2002.<\/strong> <em>Heiler, Rituale und Patienten. Schamanismus in den Anden Ecuadors<\/em>. Berlin: Reimer.<\/span><\/p>\n","protected":false},"excerpt":{"rendered":"<p>Armus, Diego (ed). 2003. Disease in the History of modern Latin America. From Malaria to AIDS. Durham: Duke University Press. Greenfield, Sidney. 2008. Spirits with Scalpels. The Culturalbiology of Religious Healing in Brazil. Walnut Creek: Left Coast. Huber, Brad and&hellip; <\/p>\n","protected":false},"author":1,"featured_media":0,"parent":359,"menu_order":0,"comment_status":"closed","ping_status":"closed","template":"","meta":{"footnotes":""},"class_list":["post-365","page","type-page","status-publish","hentry"],"_links":{"self":[{"href":"https:\/\/www.medicalanthropology.de\/english\/wp-json\/wp\/v2\/pages\/365","targetHints":{"allow":["GET"]}}],"collection":[{"href":"https:\/\/www.medicalanthropology.de\/english\/wp-json\/wp\/v2\/pages"}],"about":[{"href":"https:\/\/www.medicalanthropology.de\/english\/wp-json\/wp\/v2\/types\/page"}],"author":[{"embeddable":true,"href":"https:\/\/www.medicalanthropology.de\/english\/wp-json\/wp\/v2\/users\/1"}],"replies":[{"embeddable":true,"href":"https:\/\/www.medicalanthropology.de\/english\/wp-json\/wp\/v2\/comments?post=365"}],"version-history":[{"count":5,"href":"https:\/\/www.medicalanthropology.de\/english\/wp-json\/wp\/v2\/pages\/365\/revisions"}],"predecessor-version":[{"id":877,"href":"https:\/\/www.medicalanthropology.de\/english\/wp-json\/wp\/v2\/pages\/365\/revisions\/877"}],"up":[{"embeddable":true,"href":"https:\/\/www.medicalanthropology.de\/english\/wp-json\/wp\/v2\/pages\/359"}],"wp:attachment":[{"href":"https:\/\/www.medicalanthropology.de\/english\/wp-json\/wp\/v2\/media?parent=365"}],"curies":[{"name":"wp","href":"https:\/\/api.w.org\/{rel}","templated":true}]}}