{"id":355,"date":"2014-07-17T11:11:36","date_gmt":"2014-07-17T09:11:36","guid":{"rendered":"https:\/\/www.medicalanthropology.de\/english\/?page_id=355"},"modified":"2014-11-24T14:46:18","modified_gmt":"2014-11-24T12:46:18","slug":"migration-and-health","status":"publish","type":"page","link":"https:\/\/www.medicalanthropology.de\/english\/literature\/topics\/migration-and-health\/","title":{"rendered":"Migration and Health"},"content":{"rendered":"<p><span style=\"color: black; font-family: Verdana,Georgia,Arial;\"><strong>Borde, Theda und Mathias David (Hrsg.) 2003.<\/strong><em> Gut versorgt? Migrantinnen und Migranten im Gesundheitswesen. <\/em>Frankfurt: Mabuse.<\/span><\/p>\n<p><span style=\"color: black; font-family: Verdana,Georgia,Arial;\"><strong>Collatz, J. 1997.<\/strong><em> Zur Realit\u00e4t von Krankheit und Krankheitsversorgung von Migranten in Deutschland.<\/em> In: Jahrbuch f\u00fcr Kritische Medizin. Band 23: Gesundheitskult und Krankheitswirklichkeit.<\/span><\/p>\n<p><span style=\"color: black; font-family: Verdana,Georgia,Arial;\"><strong>David, Mathias, Theda Borde und Heribert Kentenich (Hrsg.) 2000.<\/strong><em> Migration &#8211; Frauen &#8211; Gesundheit. Perspektiven im europ\u00e4ischen Kontext.<\/em> Frankfurt: Mabuse.<\/span><\/p>\n<p><span style=\"color: black; font-family: Verdana,Georgia,Arial;\"><strong>David, Matthias, Theda Borde und Heribert Kentenich (Hrsg.) 1999.<\/strong><em> Migration und Gesundheit. Zustandsbeschreibung und Zukunftsmodelle.<\/em> Frankfurt. Mabuse<\/span><\/p>\n<p><span style=\"color: black; font-family: Verdana,Georgia,Arial;\"><strong>Gieseke, Heide (Hrsg.), 1999.<\/strong><em> Frauen und M\u00e4dchen in der Migration: Lebenshintergr\u00fcnde und Lebensbew\u00e4ltigung. Frankfurt am Main: IKO Verl. f\u00fcr Interkulturelle Kommunikation.<\/em><\/span><\/p>\n<p><span style=\"color: black; font-family: Verdana,Georgia,Arial;\"><strong>Kentenich, Heribert, P. Reeg und Karl-Heinz Wehkamp (Hrsg.) 1990.<\/strong><em> Zwischen zwei Kulturen: Was macht Ausl\u00e4nder krank?<\/em> Frankfurt. Mabuse.<\/span><\/p>\n<p><span style=\"color: black; font-family: Verdana,Georgia,Arial;\"><strong>Uzarewicz, Charlotte und Gudrun Piechotta (Hrsg.) 1997.<\/strong><em> Transkulturelle Pflege. Curare Sonderband 10, im Auftrag der Arbeitsgemeinschaft Ethnomedizin.<\/em> Berlin: VWB-Verlag.<\/span><\/p>\n<p><span style=\"color: black; font-family: Verdana,Georgia,Arial;\"><strong>Weiss, Regula 2003.<\/strong><em> Macht Migration krank? Eine transdisziplin\u00e4re Analyse der Gesundheit von Migrantinnen und Migranten.<\/em> Z\u00fcrich: Seismo-Verlag.<\/span><\/p>\n<p><span style=\"color: black; font-family: Verdana,Georgia,Arial;\"><strong>Wiedl, Karl-Heinz und Peter Marschalk (Hrsg.) 2001.<\/strong><em> Migration und Krankheit.<\/em> Osnabr\u00fcck: Universit\u00e4tsverlag Rosch.<\/span><\/p>\n<p><span style=\"color: black; font-family: Verdana,Georgia,Arial;\"><strong>Zimmermann, Emil 2000.<\/strong><em> Kulturelle Missverst\u00e4ndnisse in der Medizin. Ausl\u00e4ndische Patienten besser versorgen.<\/em> Bern: Hans Huber Verlag.<\/span><\/p>\n","protected":false},"excerpt":{"rendered":"<p>Borde, Theda und Mathias David (Hrsg.) 2003. Gut versorgt? Migrantinnen und Migranten im Gesundheitswesen. Frankfurt: Mabuse. Collatz, J. 1997. Zur Realit\u00e4t von Krankheit und Krankheitsversorgung von Migranten in Deutschland. In: Jahrbuch f\u00fcr Kritische Medizin. Band 23: Gesundheitskult und Krankheitswirklichkeit. David,&hellip; <\/p>\n","protected":false},"author":1,"featured_media":0,"parent":343,"menu_order":0,"comment_status":"closed","ping_status":"closed","template":"","meta":{"footnotes":""},"class_list":["post-355","page","type-page","status-publish","hentry"],"_links":{"self":[{"href":"https:\/\/www.medicalanthropology.de\/english\/wp-json\/wp\/v2\/pages\/355","targetHints":{"allow":["GET"]}}],"collection":[{"href":"https:\/\/www.medicalanthropology.de\/english\/wp-json\/wp\/v2\/pages"}],"about":[{"href":"https:\/\/www.medicalanthropology.de\/english\/wp-json\/wp\/v2\/types\/page"}],"author":[{"embeddable":true,"href":"https:\/\/www.medicalanthropology.de\/english\/wp-json\/wp\/v2\/users\/1"}],"replies":[{"embeddable":true,"href":"https:\/\/www.medicalanthropology.de\/english\/wp-json\/wp\/v2\/comments?post=355"}],"version-history":[{"count":2,"href":"https:\/\/www.medicalanthropology.de\/english\/wp-json\/wp\/v2\/pages\/355\/revisions"}],"predecessor-version":[{"id":412,"href":"https:\/\/www.medicalanthropology.de\/english\/wp-json\/wp\/v2\/pages\/355\/revisions\/412"}],"up":[{"embeddable":true,"href":"https:\/\/www.medicalanthropology.de\/english\/wp-json\/wp\/v2\/pages\/343"}],"wp:attachment":[{"href":"https:\/\/www.medicalanthropology.de\/english\/wp-json\/wp\/v2\/media?parent=355"}],"curies":[{"name":"wp","href":"https:\/\/api.w.org\/{rel}","templated":true}]}}