{"id":347,"date":"2014-07-17T11:09:07","date_gmt":"2014-07-17T09:09:07","guid":{"rendered":"https:\/\/www.medicalanthropology.de\/english\/?page_id=347"},"modified":"2014-11-24T14:46:18","modified_gmt":"2014-11-24T12:46:18","slug":"health","status":"publish","type":"page","link":"https:\/\/www.medicalanthropology.de\/english\/literature\/topics\/health\/","title":{"rendered":"Health"},"content":{"rendered":"<p><span style=\"color: black; font-family: Verdana,Georgia,Arial;\"><strong>Antonovsky, Aaron 1979.<\/strong><em> Health, Stress and Coping. <\/em>San Francisco: Jossey-Bass.<\/span><\/p>\n<p><span style=\"color: black; font-family: Verdana,Georgia,Arial;\"><strong>Antonovsky, Aaron 1997.<\/strong><em> Salutogenese: Zur Entmystifizierung der Gesundheit. Deutsche erweiterte Herausgabe von Alexa Franke.<\/em> T\u00fcbingen: Dgvt-Verlag.<\/span><\/p>\n<p><span style=\"color: black; font-family: Verdana,Georgia,Arial;\"><strong>Faltermaier, Toni, Irene K\u00fchnlein und Martina Burda-Viering 1998.<\/strong><em> Gesundheit im Alltag. Laienkompetenz und Gesundheitsf\u00f6rderung.<\/em> Weinheim: Juventa Verlag.<\/span><\/p>\n<p><span style=\"color: black; font-family: Verdana,Georgia,Arial;\"><strong>Flick, Uwe 1998.<\/strong><em> Wann f\u00fchlen wir uns gesund? Subjektive Vorstellungen von Gesundheit und Krankheit.<\/em> Weinheim, M\u00fcnchen.<\/span><\/p>\n<p><span style=\"color: black; font-family: Verdana,Georgia,Arial;\"><strong>Gottschalk-Batschkus, Christine, Judith Schuler und Doris Iding (Hrsg.) 1997. <\/strong><em>Frauen und Gesundheit: Ethnomedizinische Perspektiven. Curare Sonderband 11, im Auftrag der Arbeitsgemeinschaft Ethnomedizin.<\/em> Berlin: VWB-Verlag.<\/span><\/p>\n<p><span style=\"color: black; font-family: Verdana,Georgia,Arial;\"><strong>Herzlich, Claudine 1973.<\/strong><em> Health and Illness. A Social Psychological Analysis.<\/em> London: Academic Press.<\/span><\/p>\n<p><span style=\"color: black; font-family: Verdana,Georgia,Arial;\"><strong>Pourgholam-Ernst, Azra 2002.<\/strong><em> Das Gesundheitserleben von Frauen aus verschiedenen Kulturen. Frauen und Gesundheit: Eine empirische Untersuchung zum Gesundheitserleben ausl\u00e4ndischer Frauen in Deutschland aus salutogenetischer Sicht.<\/em> M\u00fcnster: Telos Verlag.<\/span><\/p>\n","protected":false},"excerpt":{"rendered":"<p>Antonovsky, Aaron 1979. Health, Stress and Coping. San Francisco: Jossey-Bass. Antonovsky, Aaron 1997. Salutogenese: Zur Entmystifizierung der Gesundheit. Deutsche erweiterte Herausgabe von Alexa Franke. T\u00fcbingen: Dgvt-Verlag. Faltermaier, Toni, Irene K\u00fchnlein und Martina Burda-Viering 1998. Gesundheit im Alltag. Laienkompetenz und Gesundheitsf\u00f6rderung.&hellip; <\/p>\n","protected":false},"author":1,"featured_media":0,"parent":343,"menu_order":0,"comment_status":"closed","ping_status":"closed","template":"","meta":{"footnotes":""},"class_list":["post-347","page","type-page","status-publish","hentry"],"_links":{"self":[{"href":"https:\/\/www.medicalanthropology.de\/english\/wp-json\/wp\/v2\/pages\/347","targetHints":{"allow":["GET"]}}],"collection":[{"href":"https:\/\/www.medicalanthropology.de\/english\/wp-json\/wp\/v2\/pages"}],"about":[{"href":"https:\/\/www.medicalanthropology.de\/english\/wp-json\/wp\/v2\/types\/page"}],"author":[{"embeddable":true,"href":"https:\/\/www.medicalanthropology.de\/english\/wp-json\/wp\/v2\/users\/1"}],"replies":[{"embeddable":true,"href":"https:\/\/www.medicalanthropology.de\/english\/wp-json\/wp\/v2\/comments?post=347"}],"version-history":[{"count":2,"href":"https:\/\/www.medicalanthropology.de\/english\/wp-json\/wp\/v2\/pages\/347\/revisions"}],"predecessor-version":[{"id":408,"href":"https:\/\/www.medicalanthropology.de\/english\/wp-json\/wp\/v2\/pages\/347\/revisions\/408"}],"up":[{"embeddable":true,"href":"https:\/\/www.medicalanthropology.de\/english\/wp-json\/wp\/v2\/pages\/343"}],"wp:attachment":[{"href":"https:\/\/www.medicalanthropology.de\/english\/wp-json\/wp\/v2\/media?parent=347"}],"curies":[{"name":"wp","href":"https:\/\/api.w.org\/{rel}","templated":true}]}}