{"id":33,"date":"2014-02-21T19:33:37","date_gmt":"2014-02-21T17:33:37","guid":{"rendered":"https:\/\/www.medicalanthropology.de\/english\/?page_id=33"},"modified":"2018-11-13T11:18:52","modified_gmt":"2018-11-13T10:18:52","slug":"faq","status":"publish","type":"page","link":"https:\/\/www.medicalanthropology.de\/english\/faq\/","title":{"rendered":"FAQ"},"content":{"rendered":"<p><strong><span style=\"font-family: Verdana,Georgia,Arial;\">Where can I study Medical Anthropology in Germany?<\/span><\/strong><\/p>\n<p><strong><span style=\"font-family: Verdana,Georgia,Arial;\">Where can I study Medical Anthropology in the EU and Switzerland or find information about related topics?<\/span><\/strong><\/p>\n<p><strong><span style=\"font-family: Verdana,Georgia,Arial;\">Where do I find literature about Medical Anthropology? <\/span><\/strong><\/p>\n<p><strong><span style=\"font-family: Verdana,Georgia,Arial;\">Which other groups and institutions work on Medical Anthropology?<\/span><\/strong><\/p>\n<p><strong><span style=\"font-family: Verdana,Georgia,Arial;\">How can I receive information regularly?<\/span><\/strong><\/p>\n<hr \/>\n<p>&nbsp;<\/p>\n<p><b><span style=\"font-family: Verdana,Georgia,Arial;\">Where can I study Medical Anthropology in Germany?<\/span><\/b><\/p>\n<p><span style=\"font-family: Verdana,Georgia,Arial;\">Unfortunately there is no institute in Germany where Medical Anthropology can be studied as a major subject.<\/span><\/p>\n<p><span style=\"font-family: Verdana,Georgia,Arial;\">The South Asia Institute in Heidelberg (Prof. Sax) offers studies in Medical Anthropology, although with a regional focus: <a href=\"http:\/\/www.sai.uni-heidelberg.de\/ethno\/mahassa\/\" target=\"_blank\" rel=\"noopener\">http:\/\/www.sai.uni-heidelberg.de\/ethno\/mahassa\/<\/a><\/span><\/p>\n<p><span style=\"font-family: Verdana,Georgia,Arial;\">The Institute for Social Anthropology at the Freie Universit\u00e4t Berlin offers the possibility to specialize in medical anthropology within the framework of its master program in social and cultural anthropology (Prof. U. Luig, Prof. H. Dilger, Angelika Wolf): <a href=\"http:\/\/www.polsoz.fu-berlin.de\/ethnologie\/studium\/master_ska\/index.html\" target=\"_blank\" rel=\"noopener\">http:\/\/www.polsoz.fu-berlin.de\/ethnologie\/studium\/master_ska\/index.html <\/a><\/span><\/p>\n<p><span style=\"font-family: Verdana,Georgia,Arial;\">Medical Anthropology seminars are also offered frequently at the following institutes:<\/span><\/p>\n<ul>\n<li><span style=\"font-family: Verdana,Georgia,Arial;\">G\u00f6ttingen: Institute for Social Anthropology (Prof. Hauser-Sch\u00e4ublin)<br \/>\n<\/span><span style=\"font-family: Verdana,Georgia,Arial;\"><a href=\"http:\/\/www.kaee.uni-goettingen.de\/\" target=\"_blank\" rel=\"noopener\">http:\/\/www.kaee.uni-goettingen.de\/<\/a><\/span><\/li>\n<\/ul>\n<ul>\n<li><span style=\"font-family: Verdana,Georgia,Arial;\">Munich: Institute for Social Anthropology and African Studies (Claudia Lang)<br \/>\n<\/span><span style=\"font-family: Verdana,Georgia,Arial;\"><a href=\"http:\/\/www.ethnologie.uni-muenchen.de\/index.html\" target=\"_blank\" rel=\"noopener\">http:\/\/www.ethnologie.uni-muenchen.de\/index.html<\/a><\/span><\/li>\n<\/ul>\n<p><span style=\"font-family: Verdana,Georgia,Arial;\">Research possibilities and\/or seminars are offered here:<\/span><\/p>\n<p><span style=\"font-family: Verdana,Georgia,Arial;\">Institute for Psychology<br \/>\nFree University of Berlin<br \/>\n<a href=\"http:\/\/www.psychologie.hu-berlin.de\" target=\"_blank\" rel=\"noopener\">http:\/\/www.psychologie.hu-berlin.de<\/a><br \/>\n(Prof. Zaumseil)<\/span><\/p>\n<p><span style=\"font-family: Verdana,Georgia,Arial;\">Charit\u00e9<br \/>\nHumboldt University, Berlin<br \/>\nWorking group trans-cultural psychiatry<br \/>\n<a href=\"http:\/\/www.charite.de\/psychiatrie\/forschung\/transkulturelle.html\" target=\"_blank\" rel=\"noopener\">http:\/\/www.charite.de\/psychiatrie\/forschung\/transkulturelle.html<br \/>\n<\/a>(Prof. Heinz, Dr. Wohlfahrt)<\/span><\/p>\n<p>&nbsp;<\/p>\n<p><b><span style=\"font-family: Verdana,Georgia,Arial;\">Where can I study Medical Anthropology in the EU and Switzerland or find information about related topics?<\/span><\/b><\/p>\n<p><b><span style=\"font-family: Verdana,Georgia,Arial;\">Denmark<\/span><\/b><\/p>\n<p><span style=\"font-family: Verdana,Georgia,Arial;\">University of Copenhagen<br \/>\n<a href=\"http:\/\/www.anthro.ku.dk\" target=\"_blank\" rel=\"noopener\">http:\/\/www.anthro.ku.dk<\/a><\/span><\/p>\n<p><b><span style=\"font-family: Verdana,Georgia,Arial;\">France<\/span><\/b><\/p>\n<p><span style=\"font-family: Verdana,Georgia,Arial;\">Aix-en-Provence, Anthropologie M\u00e9dicale Appliqu\u00e9e au D\u00e9veloppement et \u00e0 la Sant\u00e9<br \/>\n<a href=\"http:\/\/www.amades.net\" target=\"_blank\" rel=\"noopener\">www.amades.net<\/a><\/span><\/p>\n<p><b><span style=\"font-family: Verdana,Georgia,Arial;\">Great Britain<\/span><\/b><\/p>\n<p><span style=\"font-family: Verdana,Georgia,Arial;\">Brunel University, Westlondon<br \/>\n<a href=\"http:\/\/www.brunel.ac.uk\/\" target=\"_blank\" rel=\"noopener\">http:\/\/www.brunel.ac.uk\/<\/a><\/span><\/p>\n<p><span style=\"font-family: Verdana,Georgia,Arial;\">Goldsmith<br \/>\n<a href=\"http:\/\/www.goldsmiths.ac.uk\/departments\/anthropology\/\" target=\"_blank\" rel=\"noopener\">http:\/\/www.goldsmiths.ac.uk\/departments\/anthropology\/<br \/>\n<\/a><a href=\"http:\/\/rspas.anu.edu.au\/anthropology\/tapja\/issues\/contents.php?searchterm=2%281%29.inc\"><br \/>\n<\/a>LSE (London School of Economics and Political Science)<br \/>\n<a href=\"http:\/\/www.lse.ac.uk\/Depts\/anthropology\/\" target=\"_blank\" rel=\"noopener\">http:\/\/www.lse.ac.uk\/Depts\/anthropology\/<br \/>\n<\/a><\/span><br \/>\n<span style=\"font-family: Verdana,Georgia,Arial;\">Oxford<br \/>\n<a href=\"http:\/\/www.isca.ox.ac.uk\/\" target=\"_blank\" rel=\"noopener\">http:\/\/www.isca.ox.ac.uk\/<br \/>\n<\/a><\/span><br \/>\n<span style=\"font-family: Verdana,Georgia,Arial;\">SOAS (The School of Oriental and African Studies)<br \/>\n<a href=\"http:\/\/www2.soas.ac.uk\/AnthSoc\/\" target=\"_blank\" rel=\"noopener\">http:\/\/www2.soas.ac.uk\/AnthSoc\/<\/a><\/span><\/p>\n<p><span style=\"font-family: Verdana,Georgia,Arial;\">University College of London<br \/>\n<a href=\"http:\/\/www.ucl.ac.uk\/anthropology\/degree_programmes\/ma.htm\" target=\"_blank\" rel=\"noopener\">http:\/\/www.ucl.ac.uk\/anthropology\/degree_programmes\/ma.htm<\/a><\/span><\/p>\n<p><b><span style=\"font-family: Verdana,Georgia,Arial;\">Netherlands<\/span><\/b><\/p>\n<p><span style=\"font-family: Verdana,Georgia,Arial;\">University of Amsterdam<br \/>\n<a href=\"http:\/\/www.english.uva.nl\/zoeken\/object.cfm?objectid=06B2542C-C98C-4684-A92385C67010F693\" target=\"_blank\" rel=\"noopener\">http:\/\/www.english.uva.nl<\/a><\/span><\/p>\n<p><span style=\"font-family: verdana, geneva, sans-serif;\"><b>Spain<\/b><\/span><\/p>\n<p><span style=\"font-family: verdana, geneva, sans-serif;\">Universitat Rovira i Virgili<\/span><br \/>\n<span style=\"font-family: verdana, geneva, sans-serif;\"><a href=\"http:\/\/www.urv.cat\/en\/studies\/master\/courses\/medical-anthropology\/\" target=\"_blank\" rel=\"noopener\">http:\/\/www.urv.cat\/en\/studies\/master\/courses\/medical-anthropology\/http:\/\/www.english.uva.nl<\/a><\/span><\/p>\n<p><b><span style=\"font-family: Verdana,Georgia,Arial;\">Sweden<\/span><\/b><\/p>\n<p><span style=\"font-family: Verdana,Georgia,Arial;\">Transcultural Centre at St. G\u00f6ran Hospital<br \/>\nWorking group trans-cultural psychiatry<br \/>\nSt G\u00f6rans sjukhus, plan 13, 11281 Stockholm<br \/>\n<a href=\"http:\/\/www.sll.se\/w_tkc\/59332.cs\" target=\"_blank\" rel=\"noopener\">www.sll.se\/w_tkc\/59332.cs<\/a><\/span><\/p>\n<p><b><span style=\"font-family: Verdana,Georgia,Arial;\">Switzerland<\/span><\/b><\/p>\n<p><span style=\"font-family: Verdana,Georgia,Arial;\">University of Basel, Institute for Social Anthropology<br \/>\n<a href=\"http:\/\/www.unibas-ethno.ch\/index2.php\" target=\"_blank\" rel=\"noopener\">http:\/\/www.unibas-ethno.ch\/index2.php<\/a><\/span><\/p>\n<p><span style=\"font-family: Verdana,Georgia,Arial;\">University of Bern, Institute for Social Anthropology<br \/>\n<a href=\"http:\/\/www.cx.unibe.ch\/ethno\/\" target=\"_blank\" rel=\"noopener\">http:\/\/www.cx.unibe.ch\/ethno\/<\/a><\/span><\/p>\n<p><span style=\"font-family: Verdana,Georgia,Arial;\">University of Zurich, Institute for Social Anthropology<br \/>\n<a href=\"http:\/\/www.ethno.unizh.ch\/\" target=\"_blank\" rel=\"noopener\">http:\/\/www.ethno.unizh.ch\/<\/a><\/span><\/p>\n<p>&nbsp;<\/p>\n<p><b><span style=\"font-family: Verdana,Georgia,Arial;\">Where do I find literature about Medical Anthropology?<\/span><\/b><\/p>\n<p><span style=\"font-family: Verdana,Georgia,Arial;\">A list of introductory literature and important journals can be found <a title=\"literatur\" href=\"https:\/\/www.medicalanthropology.de\/english\/literature\/\">here<\/a>. It is also recommended to view the bibliographies of the work group\u2019s members.<\/span><\/p>\n<p><span style=\"font-family: Verdana,Georgia,Arial;\">The German Central Library for Medicine also contains some valuable resources:<\/span><\/p>\n<p><span style=\"font-family: Verdana,Georgia,Arial;\">Deutsche Zentralbibliothek f\u00fcr Medizin<br \/>\nJoseph-Stelzmann-Str. 9<br \/>\n50931 K\u00f6ln<br \/>\n<a href=\"http:\/\/www.zbmed.de\/\" target=\"_blank\" rel=\"noopener\">http:\/\/www.zbmed.de\/<\/a><\/span><\/p>\n<p>&nbsp;<\/p>\n<p><b><span style=\"font-family: Verdana,Georgia,Arial;\">Which other groups and institutions work on Medical Anthropology?<\/span><\/b><\/p>\n<p><span style=\"font-family: Verdana,Georgia,Arial;\">A list of other groups can be found <a title=\"Collaboration\" href=\"https:\/\/www.medicalanthropology.de\/english\/collaboration\/\">here<\/a><\/span>.<\/p>\n<p>&nbsp;<\/p>\n<p><b><span style=\"font-family: Verdana,Georgia,Arial;\">How can I receive information regularly?<\/span><\/b><\/p>\n<p><span style=\"font-family: Verdana,Georgia,Arial;\">By becoming a <a href=\"https:\/\/www.medicalanthropology.de\/English\/membership.html\" target=\"inhalt\">member<\/a><\/span>.<\/p>\n<p><span style=\"font-family: Verdana,Georgia,Arial;\">A member has the advantage of receiving related job offers, information about recent research and conferences, reduced prices for publications by the work group, and of course a voice in decisions about topics of discussions, workshops and conferences.<\/span><\/p>\n","protected":false},"excerpt":{"rendered":"<p>Where can I study Medical Anthropology in Germany? Where can I study Medical Anthropology in the EU and Switzerland or find information about related topics? Where do I find literature about Medical Anthropology? Which other groups and institutions work on&hellip; <\/p>\n","protected":false},"author":1,"featured_media":0,"parent":0,"menu_order":9,"comment_status":"closed","ping_status":"open","template":"","meta":{"footnotes":""},"class_list":["post-33","page","type-page","status-publish","hentry"],"_links":{"self":[{"href":"https:\/\/www.medicalanthropology.de\/english\/wp-json\/wp\/v2\/pages\/33","targetHints":{"allow":["GET"]}}],"collection":[{"href":"https:\/\/www.medicalanthropology.de\/english\/wp-json\/wp\/v2\/pages"}],"about":[{"href":"https:\/\/www.medicalanthropology.de\/english\/wp-json\/wp\/v2\/types\/page"}],"author":[{"embeddable":true,"href":"https:\/\/www.medicalanthropology.de\/english\/wp-json\/wp\/v2\/users\/1"}],"replies":[{"embeddable":true,"href":"https:\/\/www.medicalanthropology.de\/english\/wp-json\/wp\/v2\/comments?post=33"}],"version-history":[{"count":18,"href":"https:\/\/www.medicalanthropology.de\/english\/wp-json\/wp\/v2\/pages\/33\/revisions"}],"predecessor-version":[{"id":1056,"href":"https:\/\/www.medicalanthropology.de\/english\/wp-json\/wp\/v2\/pages\/33\/revisions\/1056"}],"wp:attachment":[{"href":"https:\/\/www.medicalanthropology.de\/english\/wp-json\/wp\/v2\/media?parent=33"}],"curies":[{"name":"wp","href":"https:\/\/api.w.org\/{rel}","templated":true}]}}