{"id":293,"date":"2014-07-17T09:21:14","date_gmt":"2014-07-17T07:21:14","guid":{"rendered":"https:\/\/www.medicalanthropology.de\/english\/?page_id=293"},"modified":"2015-05-29T16:23:01","modified_gmt":"2015-05-29T15:23:01","slug":"wladarsch-evelyn","status":"publish","type":"page","link":"https:\/\/www.medicalanthropology.de\/english\/members\/t-z\/wladarsch-evelyn\/","title":{"rendered":"Wladarsch, Evelyn"},"content":{"rendered":"<p><span style=\"color: black; font-family: Verdana,Georgia,Arial;\"><a href=\"mailto:evelyn_wladarsch[at]web.de\">evelyn_wladarsch[at]web.de<\/a><\/span><\/p>\n<p>&nbsp;<\/p>\n<p><strong><span style=\"color: black; font-family: Verdana,Georgia,Arial;\">Forschungsinteressen<\/span><\/strong><\/p>\n<p><span style=\"color: black; font-family: Verdana,Georgia,Arial;\"><span style=\"font-family: Verdana,Georgia,Arial;\">Medical anthropology; Anthropology of Aging<\/span><\/span><\/p>\n<p>&nbsp;<\/p>\n<p><strong><span style=\"color: black; font-family: Verdana,Georgia,Arial;\">Publications<\/span><\/strong><\/p>\n<p><em><span style=\"color: black; font-family: Verdana,Georgia,Arial;\">Monographs and Edited Volumes<\/span><\/em><\/p>\n<p><span style=\"color: black; font-family: Verdana,Georgia,Arial;\">2005. Time &#8211; health &#8211; Culture: cultural time concepts and health-related time preferences in Burkina Faso. Berlin: Reimer Verlag.<\/span><\/p>\n<p><em><span style=\"color: black; font-family: Verdana,Georgia,Arial;\">Chapters in Edited Books<\/span><\/em><\/p>\n<p><span style=\"color: black; font-family: Verdana,Georgia,Arial;\">Im Druck. &#8220;Time matters!: Zeit- und Zukunftsvorstellungen als zentrale Faktoren im Gesundheitsbereich&#8221;. In Wolf, A., Niechzial, M. &amp; Nagel, E. (Hgs.), Krankenversicherung und soziale Sicherung in Afrika: Perspektiven aus Entwicklungszusammenarbeit und Wissenschaft. Berlin: LIT<\/span><\/p>\n<p><span style=\"color: black; font-family: Verdana,Georgia,Arial;\">2010. &#8220;Ein Huhn f\u00fcr die Krankheitsvorsorge. Zukunftsverst\u00e4ndnis und Gesundheitssicherung in Burkina Faso&#8221;. In Dilger, H. &amp; Hadolt, B. (Hgs.), Medizin im Kontext: Krankheit und Gesundheit in einer Vernetzen Welt. Frankfurt\/Main: Peter Lang, 329-345.<\/span><\/p>\n<p><span style=\"color: black; font-family: Verdana,Georgia,Arial;\">2004. &#8220;Notions on time in Burkina Faso&#8221;. In: Schr\u00f6der, A. (ed.): Crossing Borders: Interdisciplinary approaches to Africa. S. 117-132. M\u00fcnster: LIT.<\/span><\/p>\n<p><span style=\"color: black; font-family: Verdana,Georgia,Arial;\">2000. (gemeinsam mit Fr\u00fchauf, J.; Serdaroglou, S.; Volz, J.) &#8220;Gesundheitsversorgung von Migrantinnen in der Gyn\u00e4kologie: Stellenwert sprachlicher Schwierigkeiten&#8221;. In: M. David, T. Borde &amp; H. Kentenich (Hrsg.): Migration &#8211; Frauen &#8211; Gesundheit: Perspektiven im europ\u00e4ischen Kontext. S. 217-226. Frankfurt\/Main: Mabuse-Verlag.<\/span><\/p>\n<p><em><span style=\"color: black; font-family: Verdana,Georgia,Arial;\">Journal Articles<\/span><\/em><\/p>\n<p><span style=\"color: black; font-family: Verdana,Georgia,Arial;\">2007. &#8220;Altern in verschiedenen Kulturen&#8221;. UNIVERSITAS: Orientierung in der Wissenswelt 737: 1126-1131<\/span><\/p>\n<p>&nbsp;<\/p>\n<p><span style=\"color: black; font-family: Verdana,Georgia,Arial;\"><strong><span style=\"color: black; font-family: Verdana,Georgia,Arial;\">Conference Presentations<\/span><\/strong><\/span><\/p>\n<p><span style=\"color: black; font-family: Verdana,Georgia,Arial;\">2007. &#8220;Ein Huhn f\u00fcr die Krankheitsvorsorge: Zukunftsverst\u00e4ndnis und Gesundheitssicherung in Burkina Faso&#8221;. Vortrag gehalten am 29.09.2007 im Rahmen der Konferenz &#8220;Medizin im Kontext&#8221; der AG Medical Anthropology in der DGV in Berlin.<\/span><\/p>\n<p><span style=\"color: black; font-family: Verdana,Georgia,Arial;\">2005. &#8220;Zeit- und Zukunftsvorstellungen als zentrale Faktoren im Gesundheitsbereich, mit Beispielen aus Burkina Faso&#8221;. Vortrag gehalten am 27.04.2005im Rahmen der Ringvorlesung &#8220;Krankensicherung und soziale Sicherung in Afrika&#8221; an der Universit\u00e4t Bayreuth, Institut f\u00fcr Medizinmanagement und Gesundheitswissenschaften in Bayreuth.<\/span><\/p>\n<p><span style=\"color: black; font-family: Verdana,Georgia,Arial;\">2004. &#8220;Kulturelle Dimensionen der AIDS Pr\u00e4vention&#8221;. Vortrag gehalten am 27.02.2004 im Rahmen des Internationalen Studientags &#8220;AIDS begegnen&#8221; der Evangelischen Entwicklungszusammenarbeit, dem Auslandsamt \u00c4rztekammer f\u00fcr Wien und dem \u00d6sterreichischen Institut f\u00fcr Internationale Politik in Wien.<\/span><\/p>\n<p><span style=\"color: black; font-family: Verdana,Georgia,Arial;\">2003. &#8220;Zeitpr\u00e4ferenzen im Gesundheitsbereich in Burkina Faso&#8221;. Vortrag gehalten am 30.06.2003 bei der AG Medical Anthropology Heidelberg in Heidelberg.<\/span><\/p>\n<p><span style=\"color: black; font-family: Verdana,Georgia,Arial;\">2003. &#8220;Die Eintagsfliege und der Baum: Zeiterleben im interkulturellen Vergleich&#8221;. Vortrag gehalten am 18.06.2003 am Zentrum f\u00fcr interkulturelle Psychologie (ZIP) in Heidelberg.<\/span><\/p>\n<p><span style=\"color: black; font-family: Verdana,Georgia,Arial;\">2001. &#8220;Medizinische Versorgung ausl\u00e4ndischer Patienten&#8221;. Vortrag gehalten bei der AG Medical Anthropology Heidelberg im Jan. 2001 in Heidelberg.<\/span><\/p>\n<p><span style=\"color: black; font-family: Verdana,Georgia,Arial;\">2000. &#8220;Zur Relevanz von Kultur in der Arzt-Patient Interaktion&#8221;. Vortrag gehalten am 24.06.2000 am Indischen Kulturinstitut in Frankfurt\/Main.<\/span><\/p>\n<p><span style=\"color: black; font-family: Verdana,Georgia,Arial;\">2000. &#8220;Kulturelle Aspekte von Gesundheit und Krankheit&#8221;. Vortrag gehalten am 10.11.2000 bei der Tagung der Arbeitsgemeinschaft &#8220;Frauengesundheit in der Entwicklungszusammenarbeit&#8221; (FIDE) in Bruchsal.<\/span><\/p>\n","protected":false},"excerpt":{"rendered":"<p>evelyn_wladarsch[at]web.de &nbsp; Forschungsinteressen Medical anthropology; Anthropology of Aging &nbsp; Publications Monographs and Edited Volumes 2005. Time &#8211; health &#8211; Culture: cultural time concepts and health-related time preferences in Burkina Faso. Berlin: Reimer Verlag. Chapters in Edited Books Im Druck. &#8220;Time&hellip; <\/p>\n","protected":false},"author":1,"featured_media":0,"parent":67,"menu_order":0,"comment_status":"closed","ping_status":"closed","template":"","meta":{"footnotes":""},"class_list":["post-293","page","type-page","status-publish","hentry"],"_links":{"self":[{"href":"https:\/\/www.medicalanthropology.de\/english\/wp-json\/wp\/v2\/pages\/293","targetHints":{"allow":["GET"]}}],"collection":[{"href":"https:\/\/www.medicalanthropology.de\/english\/wp-json\/wp\/v2\/pages"}],"about":[{"href":"https:\/\/www.medicalanthropology.de\/english\/wp-json\/wp\/v2\/types\/page"}],"author":[{"embeddable":true,"href":"https:\/\/www.medicalanthropology.de\/english\/wp-json\/wp\/v2\/users\/1"}],"replies":[{"embeddable":true,"href":"https:\/\/www.medicalanthropology.de\/english\/wp-json\/wp\/v2\/comments?post=293"}],"version-history":[{"count":5,"href":"https:\/\/www.medicalanthropology.de\/english\/wp-json\/wp\/v2\/pages\/293\/revisions"}],"predecessor-version":[{"id":719,"href":"https:\/\/www.medicalanthropology.de\/english\/wp-json\/wp\/v2\/pages\/293\/revisions\/719"}],"up":[{"embeddable":true,"href":"https:\/\/www.medicalanthropology.de\/english\/wp-json\/wp\/v2\/pages\/67"}],"wp:attachment":[{"href":"https:\/\/www.medicalanthropology.de\/english\/wp-json\/wp\/v2\/media?parent=293"}],"curies":[{"name":"wp","href":"https:\/\/api.w.org\/{rel}","templated":true}]}}