{"id":282,"date":"2014-07-17T08:56:29","date_gmt":"2014-07-17T06:56:29","guid":{"rendered":"https:\/\/www.medicalanthropology.de\/english\/?page_id=282"},"modified":"2015-05-29T16:21:57","modified_gmt":"2015-05-29T15:21:57","slug":"stulb-magdalena","status":"publish","type":"page","link":"https:\/\/www.medicalanthropology.de\/english\/members\/s\/stulb-magdalena\/","title":{"rendered":"St\u00fclb, Magdalena"},"content":{"rendered":"<p><span style=\"color: black; font-family: Verdana,Georgia,Arial;\"><a href=\"mailto:magdalena.stuelb[at]amiko-freiburg.de\">magdalena.stuelb[at]amiko-freiburg.de<\/a><\/span><br \/>\n<span style=\"color: black; font-family: Verdana,Georgia,Arial;\"><a href=\"http:\/\/www.amiko-freiburg.de\/\" target=\"_blank\">www.amiko-freiburg.de<\/a><\/span><\/p>\n<p><span style=\"color: black; font-family: Verdana,Georgia,Arial;\">Since 2012: Professor of Communication and Intercultural Competence, University of Applied Sciences Koblenz, RheinAhrCampus<\/span><\/p>\n<p><span style=\"color: black; font-family: Verdana,Georgia,Arial;\">2005-2010: Lecturer in Nursing Science at Medical University of Graz; Lecturer in Social Work Studies at Catholic University of Applied Sciences Freiburg<\/span><\/p>\n<p><span style=\"color: black; font-family: Verdana,Georgia,Arial;\">2009: PhD in Anthropology, University of Freiburg<\/span><\/p>\n<p><span style=\"color: black; font-family: Verdana,Georgia,Arial;\">2000: Establishment of AMIKO &#8211; Institute for Migration, Culture and Health. Intercultural trainings, coachings and lectures<\/span><\/p>\n<p><span style=\"color: black; font-family: Verdana,Georgia,Arial;\">1997: Master (Magister Artium) in Anthropology, University of Freiburg<\/span><\/p>\n<p><span style=\"color: black; font-family: Verdana,Georgia,Arial;\">1984: Nursing Degree, Koblenz<\/span><\/p>\n<p>&nbsp;<\/p>\n<p><strong><span style=\"color: black; font-family: Verdana,Georgia,Arial;\">Research Interests<\/span><\/strong><\/p>\n<p><span style=\"color: black; font-family: Verdana,Georgia,Arial;\">Transcultural\/Intercultural competence; transnational social networks; migration and health; labor migration<\/span><\/p>\n<p>&nbsp;<\/p>\n<p><strong><span style=\"color: black; font-family: Verdana,Georgia,Arial;\">Research Area(s)<\/span><\/strong><\/p>\n<p><span style=\"color: black; font-family: Verdana,Georgia,Arial;\">Europe (Germany)<\/span><\/p>\n<p>&nbsp;<\/p>\n<p><strong><span style=\"color: black; font-family: Verdana,Georgia,Arial;\">Publications <\/span><\/strong><\/p>\n<p><em><span style=\"color: black; font-family: Verdana,Georgia,Arial;\">Monographs and Edited Volumes<\/span><\/em><\/p>\n<p><span style=\"color: black; font-family: Verdana,Georgia,Arial;\">2010. \u2018Transkulturelle Akteurinnen. Eine medizinethnologische Studie zu Schwangerschaft, Geburt und Mutterschaft von Migrantinnen in Deutschland\u2019. Berlin: Wei\u00dfensee Verlag.<\/span><\/p>\n<p><em><span style=\"color: black; font-family: Verdana,Georgia,Arial;\">Journal Articles (peer-reviewed)<\/span><\/em><\/p>\n<p><span style=\"color: black; font-family: Verdana,Georgia,Arial;\">2013. \u2018Die Wahrnehmung von Fremdheit im Gesundheitswesen\u2019. In: Coors, Michael; Gr\u00fctzmann, Tatjana and Tim Peters (eds.): Das Fremde verstehen. Interkulturalit\u00e4t und ethische Konflikte in Medizin und Pflege. G\u00f6ttingen: Edition Ruprecht 2013 (in Press).<\/span><\/p>\n<p><em><span style=\"color: black; font-family: Verdana,Georgia,Arial;\">Chapters in Edited Books<\/span><\/em><\/p>\n<p><span style=\"color: black; font-family: Verdana,Georgia,Arial;\">2011. \u2018Wie Migrantinnen Netzwerke nutzen \u2013 Transkulturelle Beziehungen als Ressourcen in der Schwangerschaft und im Wochenbett\u2019. In: David, Mathias and Theda Borde (eds.): Schwangerschaft, Geburt und fr\u00fche Kindheit in der Migration. Wie beeinflussen Migration und Akkulturation soziale und medizinische Parameter? Frankfurt a.M.: Mabuse Verlag.<\/span><\/p>\n<p><span style=\"color: black; font-family: Verdana,Georgia,Arial;\">2010. (with Yvonne Adam) \u2018Transkulturalit\u00e4t und Transkulturelle Kompetenz &#8211; Neue Ans\u00e4tze im Gesundheitswesen\u2019. In: Golsabahi, Solmaz; K\u00fcchenhoff, Bernhard and Thomas Heise (eds.): Migration und kulturelle Verflechtungen. Beitr\u00e4ge zum 3. Kongress des DTPPP in Z\u00fcrich 2009. Das Transkulturelle Psychoforum 17. pp. 69-78. Berlin: VWB Verlag.<\/span><\/p>\n<p><span style=\"color: black; font-family: Verdana,Georgia,Arial;\">2009. (with Yvonne Adam) \u2018Brauchen wir spezifisches Wissen in der medizinischen Versorgung von Migrant\/innen\/en? Qualifizierungsangebote zur transkulturellen Kompetenz im Gesundheitswesen\u2019. In: \u00c9va R\u00e1sky (ed.): Gesundheit hat Bleiberecht. Migration und Gesundheit. pp. 87-96. Wien: Facultas.<\/span><\/p>\n<p><span style=\"color: black; font-family: Verdana,Georgia,Arial;\">2009. (with Yvonne Adam) \u2018Die Sicht der Patient\/innen &#8211; medizinethnologische Ans\u00e4tze in der interkulturellen Kommunikation im Gesundheitswesen\u2019. In: Falge, Christiane and Gudrun Zimmermann (eds.): Interkulturelle \u00d6ffnung des Gesundheitssystems. Schriftenreihe des Zentrums f\u00fcr Europ\u00e4ische Rechtspolitik an der Universit\u00e4t Bremen (ZERP), Band 51. pp. 41-55. Baden-Baden: Nomos.<\/span><\/p>\n<p><span style=\"color: black; font-family: Verdana,Georgia,Arial;\">2004. (with Yvonne Adam) \u2018Was arbeiten eigentlich Medizinethnologinnen? Herausforderungen im Spannungsfeld zwischen Forschung und Anwendung\u2019. In: Curare Sonderband 27(2004),1+2. pp. 73-88. Berlin: VWB \u2013 Verlag f\u00fcr Wissenschaft und Bildung.<\/span><\/p>\n<p><span style=\"color: black; font-family: Verdana,Georgia,Arial;\">2002. (with Yvonne Adam) \u2018Zwischen Multikulturalismus und Individualit\u00e4t. \u201cCulture shopping\u201d von Hebammensch\u00fclerinnen und Migrantinnen in einem medizinethnologischen Unterrichtsprojekt\u2019. In: Rainer Alsheimer (ed.): K\u00f6rperlichkeit und Kultur 2001. Dokumentation des 4. Arbeitstreffens des &#8220;Netzwerk Gesundheit und Kultur in der volkskundlichen Forschung&#8221; W\u00fcrzburg, 14.-16- M\u00e4rz 2001. pp. 11-25. Bremen: IWD.<\/span><\/p>\n<p><em><span style=\"color: black; font-family: Verdana,Georgia,Arial;\">Other<\/span><\/em><\/p>\n<p><span style=\"color: black; font-family: Verdana,Georgia,Arial;\">2011. \u2018Transkulturelle Kompetenz in der Geburtshilfe. Eine ressourcenorientierte Perspektive auf Schwangerschaft und Geburt in der Migration\u2019. In: Dr. med. Mabuse. Zeitschrift f\u00fcr alle Gesundheitsberufe 191\/36: 65-68.<\/span><\/p>\n<p><span style=\"color: black; font-family: Verdana,Georgia,Arial;\">2011. \u2018Schwangerschaft und Geburt in Zeiten der Mobilit\u00e4t. Wie Migrantinnen Netzwerke nutzen\u2019. In: Dr. med. Mabuse. Zeitschrift f\u00fcr alle Gesundheitsberufe 190\/36: 52-54.<\/span><\/p>\n<p><span style=\"color: black; font-family: Verdana,Georgia,Arial;\">2011. \u2018Die Ungleichheit nimmt zu. Der Kongress \u201cArmut und Gesundheit\u201d\u2019. In: Dr. med. Mabuse. Zeitschrift f\u00fcr alle Gesundheitsberufe 190\/36: 18-19.<\/span><\/p>\n<p><span style=\"color: black; font-family: Verdana,Georgia,Arial;\">2009. (with Yvonne Adam) \u2018Warum transkulturelle Kompetenz in der Geburtshilfe so wichtig ist\u2019. In: Weleda Hebammenforum Heft 04\/2009: 10-13.<\/span><\/p>\n<p><span style=\"color: black; font-family: Verdana,Georgia,Arial;\">2008. (with Yvonne Adam) \u2018Eigenes und Fremdes besser verstehen\u2019. In: Deutsche Hebammenzeitschrift 5\/2008: 10-13.<\/span><\/p>\n<p><span style=\"color: black; font-family: Verdana,Georgia,Arial;\">2006. (with Yvonne Adam) \u2018Von der Sterbekultur zur individuellen Sterbebegleitung. Ethnologische Perspektiven auf die Pflege im Kontext von Migration\u2019. In: Pflegezeitschrift 4\/2006: 235-239.<\/span><\/p>\n<p><span style=\"color: black; font-family: Verdana,Georgia,Arial;\">2005. (with Yvonne Adam) \u2018Von Viren, kalten F\u00fc\u00dfen und Seelenverlust &#8211; Interkulturelle Kommunikation und Medizinethnologie\u2019. In: Ethnoscripts 7 (1) (Herausgeber: Institut f\u00fcr Ethnologie der Universit\u00e4t Hamburg): 111-132.<\/span><\/p>\n","protected":false},"excerpt":{"rendered":"<p>magdalena.stuelb[at]amiko-freiburg.de www.amiko-freiburg.de Since 2012: Professor of Communication and Intercultural Competence, University of Applied Sciences Koblenz, RheinAhrCampus 2005-2010: Lecturer in Nursing Science at Medical University of Graz; Lecturer in Social Work Studies at Catholic University of Applied Sciences Freiburg 2009: PhD&hellip; <\/p>\n","protected":false},"author":1,"featured_media":0,"parent":64,"menu_order":0,"comment_status":"closed","ping_status":"closed","template":"","meta":{"footnotes":""},"class_list":["post-282","page","type-page","status-publish","hentry"],"_links":{"self":[{"href":"https:\/\/www.medicalanthropology.de\/english\/wp-json\/wp\/v2\/pages\/282","targetHints":{"allow":["GET"]}}],"collection":[{"href":"https:\/\/www.medicalanthropology.de\/english\/wp-json\/wp\/v2\/pages"}],"about":[{"href":"https:\/\/www.medicalanthropology.de\/english\/wp-json\/wp\/v2\/types\/page"}],"author":[{"embeddable":true,"href":"https:\/\/www.medicalanthropology.de\/english\/wp-json\/wp\/v2\/users\/1"}],"replies":[{"embeddable":true,"href":"https:\/\/www.medicalanthropology.de\/english\/wp-json\/wp\/v2\/comments?post=282"}],"version-history":[{"count":4,"href":"https:\/\/www.medicalanthropology.de\/english\/wp-json\/wp\/v2\/pages\/282\/revisions"}],"predecessor-version":[{"id":716,"href":"https:\/\/www.medicalanthropology.de\/english\/wp-json\/wp\/v2\/pages\/282\/revisions\/716"}],"up":[{"embeddable":true,"href":"https:\/\/www.medicalanthropology.de\/english\/wp-json\/wp\/v2\/pages\/64"}],"wp:attachment":[{"href":"https:\/\/www.medicalanthropology.de\/english\/wp-json\/wp\/v2\/media?parent=282"}],"curies":[{"name":"wp","href":"https:\/\/api.w.org\/{rel}","templated":true}]}}