{"id":276,"date":"2014-07-17T08:38:35","date_gmt":"2014-07-17T06:38:35","guid":{"rendered":"https:\/\/www.medicalanthropology.de\/english\/?page_id=276"},"modified":"2015-05-29T16:20:42","modified_gmt":"2015-05-29T15:20:42","slug":"schweiger-petra","status":"publish","type":"page","link":"https:\/\/www.medicalanthropology.de\/english\/members\/s\/schweiger-petra\/","title":{"rendered":"Schweiger, Petra"},"content":{"rendered":"<p><span style=\"color: black; font-family: Verdana,Georgia,Arial;\"><a href=\"mailto:pet.schweiger[at]web.de\">pet.schweiger[at]web.de<\/a><\/span><\/p>\n<p><span style=\"color: black; font-family: Verdana,Georgia,Arial;\">Since 1995 Petra Schweiger has been working as a physiotherapist in different therapeutic settings. Additionally, she has been trained as a practitioner in the Feldenkrais Method since 2011. In 2009 she received her master in European Ethnology, social anthropology and social psychology at the Ludwig-Maximilian-University in Munich. Petra Schweiger is currently working on her doctoral thesis after a year working as a research assistant at the Department of European Ethnology at the Ludwig-Maximilian-University Munich.<\/span><\/p>\n<p>&nbsp;<\/p>\n<p><strong><span style=\"color: black; font-family: Verdana,Georgia,Arial;\">Research Interests<\/span><\/strong><\/p>\n<p><span style=\"color: black; font-family: Verdana,Georgia,Arial;\">Anthropology of work; elderly care; medical anthropology<\/span><\/p>\n<p>&nbsp;<\/p>\n<p><strong><span style=\"color: black; font-family: Verdana,Georgia,Arial;\">Research Area(s)<\/span><\/strong><\/p>\n<p><span style=\"color: black; font-family: Verdana,Georgia,Arial;\">Germany<\/span><\/p>\n<p>&nbsp;<\/p>\n<p><strong><span style=\"color: black; font-family: Verdana,Georgia,Arial;\">Publications <\/span><\/strong><\/p>\n<p><em><span style=\"color: black; font-family: Verdana,Georgia,Arial;\">Monographs and Edited Volumes<\/span><\/em><\/p>\n<p><span style=\"color: black; font-family: Verdana,Georgia,Arial;\">2011. \u2018\u201cWir haben zwar Geduld, aber keine Zeit\u201d. Eine Ethnografie subjektivierter Arbeitsstile in der \u00f6konomisierten Altenpflege\u2019 (M\u00fcnchner ethnographische Schriften, Band 9). M\u00fcnchen: Utz-Verlag.<\/span><\/p>\n<p><em><span style=\"color: black; font-family: Verdana,Georgia,Arial;\">Chapters in Edited Books<\/span><\/em><\/p>\n<p><span style=\"color: black; font-family: Verdana,Georgia,Arial;\">2010. \u2018\u201cBevor man sie angeleitet hat, hat man&#8217;s schon selbst gemacht\u201d \u2013 Arbeitsstile in der station\u00e4ren Altenpflege zwischen \u00d6konomisierungs-zwang und \u201cguter Pflege\u201d\u2019. In: G\u00f6tz, Irene; Huber, Birgit and Piritta Kleiner (eds.): Arbeit in \u2018neuen Zeiten\u2019. Ethnografien und Reportagen zu Ein- und Aufbr\u00fcchen. M\u00fcnchen: UTZ-Verlag.<\/span><\/p>\n<p><span style=\"color: black; font-family: Verdana,Georgia,Arial;\">2012. \u2018Erfahrungswissen und K\u00f6rperarbeit als Arbeitsbew\u00e4ltigungsstrategien in der station\u00e4ren Altenpflege\u2019. In: Koch, Gertraud and Bernd J\u00fcrgen Warneken (eds.): Wissensarbeit und Arbeitswissen. Zur Ethnografie des kognitiven Kapitalismus. pp. 143-151. Frankfurt\/New York: Campus Verlag.<\/span><\/p>\n<p><span style=\"color: black; font-family: Verdana,Georgia,Arial;\">2013. \u2018Emotional Labor and Body Work in a Nursing Home for the Elderly\u2019. In: Koch, Gertraud and Stefanie Everke Buchanan (eds.): Pathways to Empathy. New Studies of Commodification, Emotional Labor, and Time Binds. (Series of the Commission of \u2018Working Cultures\u2019 in the Deutsche Gesellschaft f\u00fcr Volkskunde, Vol. 6). pp. 159-169. Frankfurt\/New York: Campus Verlag.<\/span><\/p>\n<p>&nbsp;<\/p>\n<p><strong><span style=\"color: black; font-family: Verdana,Georgia,Arial;\">Conference Presentations <\/span><\/strong><\/p>\n<p><span style=\"color: black; font-family: Verdana,Georgia,Arial;\">2011. \u2018Emotional Labor and Body Work in a Nursing Home for the Elderly\u2019 beim International Workshop in Honour of Arlie Russell Hochschild \u2018Working Cultures at the Crossroads of Emotion, Commodification and Globalisation. Debating Spaces of Resistance and Boundary Work\u2019, 12.\/13.11.11, Zeppelin Universit\u00e4t Friedrichshafen.<\/span><\/p>\n<p><span style=\"color: black; font-family: Verdana,Georgia,Arial;\">2011. \u2018Arbeitsbew\u00e4ltigungsstrategien in der station\u00e4ren Altenpflege\u2019, Jour Fixe des Instituts f\u00fcr sozialwissenschaftliche Information und Forschung gemn. e.V. am 19.05.11 in M\u00fcnchen.<\/span><\/p>\n<p><span style=\"color: black; font-family: Verdana,Georgia,Arial;\">2011. \u2018Erfahrungswissen und K\u00f6rperarbeit als Arbeitsbew\u00e4ltigungsstrategien in der station\u00e4ren Altenpflege\u2019, Tagung der dgv-Kommission Arbeitskulturen: \u2018Wissen als Dispositiv, Kulturen und Regimes in der Kapitalisierung von Arbeit\u2019, 07.-09.04.11, Zeppelin Universit\u00e4t Friedrichshafen.<\/span><\/p>\n","protected":false},"excerpt":{"rendered":"<p>pet.schweiger[at]web.de Since 1995 Petra Schweiger has been working as a physiotherapist in different therapeutic settings. Additionally, she has been trained as a practitioner in the Feldenkrais Method since 2011. In 2009 she received her master in European Ethnology, social anthropology&hellip; <\/p>\n","protected":false},"author":1,"featured_media":0,"parent":64,"menu_order":0,"comment_status":"closed","ping_status":"closed","template":"","meta":{"footnotes":""},"class_list":["post-276","page","type-page","status-publish","hentry"],"_links":{"self":[{"href":"https:\/\/www.medicalanthropology.de\/english\/wp-json\/wp\/v2\/pages\/276","targetHints":{"allow":["GET"]}}],"collection":[{"href":"https:\/\/www.medicalanthropology.de\/english\/wp-json\/wp\/v2\/pages"}],"about":[{"href":"https:\/\/www.medicalanthropology.de\/english\/wp-json\/wp\/v2\/types\/page"}],"author":[{"embeddable":true,"href":"https:\/\/www.medicalanthropology.de\/english\/wp-json\/wp\/v2\/users\/1"}],"replies":[{"embeddable":true,"href":"https:\/\/www.medicalanthropology.de\/english\/wp-json\/wp\/v2\/comments?post=276"}],"version-history":[{"count":2,"href":"https:\/\/www.medicalanthropology.de\/english\/wp-json\/wp\/v2\/pages\/276\/revisions"}],"predecessor-version":[{"id":712,"href":"https:\/\/www.medicalanthropology.de\/english\/wp-json\/wp\/v2\/pages\/276\/revisions\/712"}],"up":[{"embeddable":true,"href":"https:\/\/www.medicalanthropology.de\/english\/wp-json\/wp\/v2\/pages\/64"}],"wp:attachment":[{"href":"https:\/\/www.medicalanthropology.de\/english\/wp-json\/wp\/v2\/media?parent=276"}],"curies":[{"name":"wp","href":"https:\/\/api.w.org\/{rel}","templated":true}]}}