{"id":256,"date":"2014-07-16T17:55:01","date_gmt":"2014-07-16T15:55:01","guid":{"rendered":"https:\/\/www.medicalanthropology.de\/english\/?page_id=256"},"modified":"2015-05-29T16:20:03","modified_gmt":"2015-05-29T15:20:03","slug":"schalinski-adelheid","status":"publish","type":"page","link":"https:\/\/www.medicalanthropology.de\/english\/members\/s\/schalinski-adelheid\/","title":{"rendered":"Schalinski, Adelheid"},"content":{"rendered":"<p><span style=\"color: black; font-family: Verdana,Georgia,Arial;\"><a href=\"mailto:a.schalinski[at]freenet.de\">a.schalinski[at]freenet.de<\/a><\/span><\/p>\n<p><span style=\"color: black; font-family: Verdana,Georgia,Arial;\">Research Assistant in Health Services Research since 2005 (Charit\u00e9 Campus Virchow, Max-Delbr\u00fcck-Centrum, Competence Network Congenital Heart Defects). Studies of Ethnology and Balkanology at Freie Universit\u00e4t Berlin.<\/span><\/p>\n<p>&nbsp;<\/p>\n<p><strong><span style=\"color: black; font-family: Verdana,Georgia,Arial;\">Research Interests<\/span><\/strong><\/p>\n<p><span style=\"color: black; font-family: Verdana,Georgia,Arial;\">Health Services Research; epidemiology; congenital heart defects; health and migration; traditional medicine in Greece; tranings in intercultural competence and transcultural nursing<\/span><\/p>\n<p>&nbsp;<\/p>\n<p><strong><span style=\"color: black; font-family: Verdana,Georgia,Arial;\">Research Area(s)<\/span><\/strong><\/p>\n<p><span style=\"color: black; font-family: Verdana,Georgia,Arial;\">South-eastern Europe (Greece, Former Republic of Yugoslavia); Middle East (Turkey, Cyprus)<\/span><\/p>\n<p>&nbsp;<\/p>\n<p><strong><span style=\"color: black; font-family: Verdana,Georgia,Arial;\">Publications<\/span><\/strong><\/p>\n<p><span style=\"color: black; font-family: Verdana,Georgia,Arial;\"><em>Monographs and Edited Volumes<\/em><\/span><\/p>\n<p><span style=\"color: black; font-family: Verdana,Georgia,Arial;\">2002. \u2018Feeling of illness and use of drugs\/medicine in Greece\u2019. Wiesbaden: Harrassowitz.<\/span><\/p>\n<p><span style=\"color: black; font-family: Verdana,Georgia,Arial;\"><em>Journal Articles (peer-reviewed)<\/em><\/span><\/p>\n<p><span style=\"color: black; font-family: Verdana,Georgia,Arial;\">2008. (with David M, Borde T) \u2018Sociocultural aspects of menopause\u2019. In: Robert-Koch-Institut (eds.): Beitr\u00e4ge zur Gesundheitsberichterstattung des Bundes. Hormontherapie bei (post-) menopausalen Frauen in Deutschland 2007. Outcomes in use, risk and benefit reality. Oktoberdruck: Berlin: 57-63.<\/span><\/p>\n<p><span style=\"color: black; font-family: Verdana,Georgia,Arial;\">2007. (together with Boral S, Borde T, David M) \u2018Experience of menopause by migrants in comparison with German women\u2019. In: Geburtshilfe und Frauenheilkunde 67: 185-186.<\/span><\/p>\n","protected":false},"excerpt":{"rendered":"<p>a.schalinski[at]freenet.de Research Assistant in Health Services Research since 2005 (Charit\u00e9 Campus Virchow, Max-Delbr\u00fcck-Centrum, Competence Network Congenital Heart Defects). Studies of Ethnology and Balkanology at Freie Universit\u00e4t Berlin. &nbsp; Research Interests Health Services Research; epidemiology; congenital heart defects; health and migration;&hellip; <\/p>\n","protected":false},"author":1,"featured_media":0,"parent":64,"menu_order":0,"comment_status":"closed","ping_status":"closed","template":"","meta":{"footnotes":""},"class_list":["post-256","page","type-page","status-publish","hentry"],"_links":{"self":[{"href":"https:\/\/www.medicalanthropology.de\/english\/wp-json\/wp\/v2\/pages\/256","targetHints":{"allow":["GET"]}}],"collection":[{"href":"https:\/\/www.medicalanthropology.de\/english\/wp-json\/wp\/v2\/pages"}],"about":[{"href":"https:\/\/www.medicalanthropology.de\/english\/wp-json\/wp\/v2\/types\/page"}],"author":[{"embeddable":true,"href":"https:\/\/www.medicalanthropology.de\/english\/wp-json\/wp\/v2\/users\/1"}],"replies":[{"embeddable":true,"href":"https:\/\/www.medicalanthropology.de\/english\/wp-json\/wp\/v2\/comments?post=256"}],"version-history":[{"count":4,"href":"https:\/\/www.medicalanthropology.de\/english\/wp-json\/wp\/v2\/pages\/256\/revisions"}],"predecessor-version":[{"id":709,"href":"https:\/\/www.medicalanthropology.de\/english\/wp-json\/wp\/v2\/pages\/256\/revisions\/709"}],"up":[{"embeddable":true,"href":"https:\/\/www.medicalanthropology.de\/english\/wp-json\/wp\/v2\/pages\/64"}],"wp:attachment":[{"href":"https:\/\/www.medicalanthropology.de\/english\/wp-json\/wp\/v2\/media?parent=256"}],"curies":[{"name":"wp","href":"https:\/\/api.w.org\/{rel}","templated":true}]}}