{"id":224,"date":"2014-07-16T16:37:26","date_gmt":"2014-07-16T14:37:26","guid":{"rendered":"https:\/\/www.medicalanthropology.de\/english\/?page_id=224"},"modified":"2015-05-29T16:01:19","modified_gmt":"2015-05-29T15:01:19","slug":"kotte-gudrun","status":"publish","type":"page","link":"https:\/\/www.medicalanthropology.de\/english\/members\/k\/kotte-gudrun\/","title":{"rendered":"Kotte, Gudrun"},"content":{"rendered":"<p><span style=\"color: black; font-family: Verdana,Georgia,Arial;\"><a href=\"mailto:gudrunkotte[at]gmx.de\">gudrunkotte[at]gmx.de<\/a><\/span><\/p>\n<p>&nbsp;<\/p>\n<p><strong><span style=\"color: black; font-family: Verdana,Georgia,Arial;\"><strong><span style=\"color: black; font-family: Verdana,Georgia,Arial;\">Research Interests<\/span><\/strong><\/span><\/strong><\/p>\n<p><span style=\"color: black; font-family: Verdana,Georgia,Arial;\">Transcultural body pratices in pregnancy, birth, and child-bed; transcultural health care systems and Chinese migrants.<\/span><\/p>\n<p>&nbsp;<\/p>\n<p><strong><span style=\"color: black; font-family: Verdana,Georgia,Arial;\"><strong><span style=\"color: black; font-family: Verdana,Georgia,Arial;\">Research Area(s)<\/span><\/strong><\/span><\/strong><\/p>\n<p><span style=\"color: black; font-family: Verdana,Georgia,Arial;\">Germany<\/span><\/p>\n<p>&nbsp;<\/p>\n<p><strong><span style=\"color: black; font-family: Verdana,Georgia,Arial;\">Publications<\/span><\/strong><\/p>\n<p><em><span style=\"color: black; font-family: Verdana,Georgia,Arial;\"><span style=\"color: black; font-family: Verdana,Georgia,Arial;\"><em>Monographs and Edited Volumes<\/em><\/span><\/span><\/em><\/p>\n<p><span style=\"color: black; font-family: Verdana,Georgia,Arial;\">2009. Wissen, K\u00f6rper, Kompetenz. Das Erleben von Schwangerschaft, Geburt und Wochenbett von chinesischen Frauen in Berlin. Berlin: Wei\u00dfenseeverlag.<\/span><\/p>\n<p><em><span style=\"color: black; font-family: Verdana,Georgia,Arial;\"><span style=\"color: black; font-family: Verdana,Georgia,Arial;\"><em>Chapters in Edited Books<\/em><\/span><\/span><\/em><\/p>\n<p><span style=\"color: black; font-family: Verdana,Georgia,Arial;\">2009. &#8220;Wochenbetterfahrungen chinesischer Migrantinnen in Berliner Krankenh\u00e4usern&#8221;. In: Dilger, Hansj\u00f6rg und Bernhard Hadolt (Hrsg.): Medizin im Kontext: Krankheit und Gesundheit in einer vernetzten Welt. S.121-138. Frankfurt a.M.: Peter Lang Verlag.<\/span><\/p>\n<p><span style=\"color: black; font-family: Verdana,Georgia,Arial;\">2008b. (gemeinsam mit Andreas Noll) &#8220;Die Begleitung des Kinderwunschpaares bei Erfolg und Misserfolg&#8221;. In: Noll, Andreas (Hrsg.): Chinesische Medizin bei Fertilit\u00e4tsst\u00f6rungen. Erfolgreiche Behandlung bei unerf\u00fclltem Kinderwunsch. S. 331-339. Stuttgart: Hippokrates.<\/span><\/p>\n<p><span style=\"color: black; font-family: Verdana,Georgia,Arial;\">2008a. (gemeinsam mit Ruthild Schulze) &#8220;Einladung des &#8216;himmlischen Funken&#8217;- Das chinesische Konzept Shen in der Begleitung des Kinderwunschpaares&#8221;. In: Noll, Andreas (Hrsg.): Kinderwunschbehandlung mit chinesischer Medizin. Thieme Verlag.<\/span><\/p>\n<p><span style=\"color: black; font-family: Verdana,Georgia,Arial;\">2006b. &#8220;Sterben und Tod im kaiserzeitlichen China&#8221;. In: Ziegler und Noll (Hrsg.): Der \u00e4ltere Patient in der TCM. S. 49-61. M\u00fcnchen: Elsevier Verlag.<\/span><\/p>\n<p><span style=\"color: black; font-family: Verdana,Georgia,Arial;\">2006a. &#8220;Stresssituationen in der Schwangerschaft&#8221;. In: Noll, Andreas und Barbara Kirschbaum (Hrsg.): Stresskrankheiten. Vorbeugen und behandeln mit chinesischer Medizin. S. 472-482. M\u00fcnchen: Elsevier Verlag.<\/span><\/p>\n<p><em><span style=\"color: black; font-family: Verdana,Georgia,Arial;\"><span style=\"color: black; font-family: Verdana,Georgia,Arial;\"><em>Journal Articles (peer-reviewed)<\/em><\/span><\/span><\/em><\/p>\n<p><span style=\"color: black; font-family: Verdana,Georgia,Arial;\">2006. (gemeinsam mit Heike B\u00f6ger) &#8220;Das Wochenbett in der Chinesischen Medizin&#8221;. In: Hebammenforum. Das Magazin des Bundes Deutscher Hebammen e.V. April 2006: 287-288.<\/span><\/p>\n<p><span style=\"color: black; font-family: Verdana,Georgia,Arial;\">2005. (gemeinsam mit Ruthild Schulze) &#8220;Die Essenz Jing und der Funke des Himmels&#8221;. In: Hebammenforum. Das Magazin des Bundes Deutscher Hebammen e.V. November 2005. S. 847-848.<\/span><\/p>\n<p><span style=\"color: black; font-family: Verdana,Georgia,Arial;\">2005. &#8220;K\u00f6rperkonzepte in der Chinesischen Medizin der Han-Dynastie&#8221;. In: Berliner China-Hefte &#8211; Chinese History and Society, Bd. 29. S. 122-138.<\/span><\/p>\n<p>&nbsp;<\/p>\n<p><strong><span style=\"color: black; font-family: Verdana,Georgia,Arial;\"><strong><span style=\"color: black; font-family: Verdana,Georgia,Arial;\">Conference Presentations<\/span><\/strong><\/span><\/strong><\/p>\n<p><span style=\"color: black; font-family: Verdana,Georgia,Arial;\">2009. &#8220;Schwangerschaft, Geburt und Wochenbett chinesischer Frauen in Berlin&#8221;. Vortrag gehalten am 27.09.2009 auf der 17. Weleda Fachtagung f\u00fcr Hebammen &#8220;Transkulturelle Hebammenarbeit&#8221; in Soest.<\/span><\/p>\n<p><span style=\"color: black; font-family: Verdana,Georgia,Arial;\">2007. &#8220;Gef\u00e4hrlicher Wind: Wochenbettpraktiken und K\u00f6rperkonzepte chinesischer Migrantinnen in Berlin&#8221;. Vortrag gehalten am 28. September 2007 auf der Tagung der AG Medical Anthropology in Berlin, Panel: Migration und Medizin in transnationalen Verflechtungen.<\/span><\/p>\n<p><span style=\"color: black; font-family: Verdana,Georgia,Arial;\">2005. &#8220;Chinese Medicine in German Midwife Practices \u2013 an exemplary study of a training concept&#8221;. Vortrag gehalten am 12.2.2005 auf der Konferenz &#8220;Transcultural Interface and local Implementations of Asian and Western Medical Systems: Transfer, Integration and Transformation between Asia and Europe&#8221; Veranstaltet von der Humboldt Universit\u00e4t Berlin <\/span><\/p>\n","protected":false},"excerpt":{"rendered":"<p>gudrunkotte[at]gmx.de &nbsp; Research Interests Transcultural body pratices in pregnancy, birth, and child-bed; transcultural health care systems and Chinese migrants. &nbsp; Research Area(s) Germany &nbsp; Publications Monographs and Edited Volumes 2009. Wissen, K\u00f6rper, Kompetenz. Das Erleben von Schwangerschaft, Geburt und Wochenbett&hellip; <\/p>\n","protected":false},"author":1,"featured_media":0,"parent":56,"menu_order":0,"comment_status":"closed","ping_status":"closed","template":"","meta":{"footnotes":""},"class_list":["post-224","page","type-page","status-publish","hentry"],"_links":{"self":[{"href":"https:\/\/www.medicalanthropology.de\/english\/wp-json\/wp\/v2\/pages\/224","targetHints":{"allow":["GET"]}}],"collection":[{"href":"https:\/\/www.medicalanthropology.de\/english\/wp-json\/wp\/v2\/pages"}],"about":[{"href":"https:\/\/www.medicalanthropology.de\/english\/wp-json\/wp\/v2\/types\/page"}],"author":[{"embeddable":true,"href":"https:\/\/www.medicalanthropology.de\/english\/wp-json\/wp\/v2\/users\/1"}],"replies":[{"embeddable":true,"href":"https:\/\/www.medicalanthropology.de\/english\/wp-json\/wp\/v2\/comments?post=224"}],"version-history":[{"count":5,"href":"https:\/\/www.medicalanthropology.de\/english\/wp-json\/wp\/v2\/pages\/224\/revisions"}],"predecessor-version":[{"id":701,"href":"https:\/\/www.medicalanthropology.de\/english\/wp-json\/wp\/v2\/pages\/224\/revisions\/701"}],"up":[{"embeddable":true,"href":"https:\/\/www.medicalanthropology.de\/english\/wp-json\/wp\/v2\/pages\/56"}],"wp:attachment":[{"href":"https:\/\/www.medicalanthropology.de\/english\/wp-json\/wp\/v2\/media?parent=224"}],"curies":[{"name":"wp","href":"https:\/\/api.w.org\/{rel}","templated":true}]}}