{"id":131,"date":"2014-02-22T16:13:42","date_gmt":"2014-02-22T14:13:42","guid":{"rendered":"https:\/\/www.medicalanthropology.de\/english\/?page_id=131"},"modified":"2015-05-29T16:01:38","modified_gmt":"2015-05-29T15:01:38","slug":"knipper-michael","status":"publish","type":"page","link":"https:\/\/www.medicalanthropology.de\/english\/members\/k\/knipper-michael\/","title":{"rendered":"Knipper, Michael"},"content":{"rendered":"<p><span style=\"color: black; font-family: Verdana,Georgia,Arial;\"><a href=\"mailto:Michael.Knipper[at]histor.med.uni-giessen.de\">Michael.Knipper[at]histor.med.uni-giessen.de<\/a><\/span><\/p>\n<p><span style=\"color: black; font-family: Verdana,Georgia,Arial;\">M.D., Ph.D (Habilitation, 2010). Clinical Training in Paediatrics and Tropical Medicine. 1997 &#8211; 1999 medical anthropoogical fieldwork in Ecuador. Since 2003: Lecturer for Medical History, Anthropoogy and Ethics at the Institute of the History of Medicine, University of Giessen, Germany. Since 2011: coordination of the Global Health Programme at the University of Giessen Medical School. <\/span><\/p>\n<p>&nbsp;<\/p>\n<p><strong><span style=\"color: black; font-family: Verdana,Georgia,Arial;\">Research Interests<\/span><\/strong><\/p>\n<p><span style=\"color: black; font-family: Verdana,Georgia,Arial;\">Medical Pluralism and \u2018intercultural\u2019 approaches in health; migration and health; \u2018cultural competence training\u2019; history and current applications of ethnography in medicine and health; hospital ethnography<\/span><\/p>\n<p>&nbsp;<\/p>\n<p><strong><span style=\"color: black; font-family: Verdana,Georgia,Arial;\">Research Area(s)<\/span><\/strong><\/p>\n<p><span style=\"color: black; font-family: Verdana,Georgia,Arial;\">Latin America (Ecuador, Peru), Germany<\/span><\/p>\n<p>&nbsp;<\/p>\n<p><strong><span style=\"color: black; font-family: Verdana,Georgia,Arial;\">Publications<\/span><\/strong><\/p>\n<p><span style=\"color: black; font-family: Verdana,Georgia,Arial;\"><em>Monographs and Edited Volumes<\/em><\/span><\/p>\n<p><span style=\"color: black; font-family: Verdana,Georgia,Arial;\">2009. (together with Yasar Bilgin) \u2018Migration und Gesundheit\u2019. St. Augustin\/Berlin: Konrad-Adenauer-Stiftung e.V. und T\u00fcrkisch-Deutsche Gesundheitsstiftung e.V., 2009. Volltext: <a href=\"http:\/\/www.kas.de\/wf\/doc\/kas_16451-544-1-30.pdf?100422141713\">http:\/\/www.kas.de\/wf\/doc\/kas_16451-544-1-30.pdf?100422141713 <\/a><\/span><\/p>\n<p><span style=\"color: black; font-family: Verdana,Georgia,Arial;\">2003. \u2018Krankheit, Kultur und medizinische Praxis. Eine medizinethnologische Untersuchung zu \u201amal aire\u2019 im Amazonastiefland von Ecuador\u2019. (Band 2 der Reihe: Heinz Schott [ed.]: Medizin und Kulturwissenschaft &#8211; Bonner Beitr\u00e4ge zur Geschichte, Anthropologie und Ethik der Medizin.) M\u00fcnster: LIT Verlag.<\/span><\/p>\n<p><span style=\"color: black; font-family: Verdana,Georgia,Arial;\">1999. (with Galo Mamallacta, Mauricio Narv\u00e1ez, Santiago Santi) \u2018Mal Aire entre los Naporuna. Enfermedades por viento entre la gente que vivimos a la orilla del r\u00edo Napo\u2019. Coca (Ecuador): Ed. CICAME, FCUNAE und Sandi Yura.<\/span><\/p>\n<p><span style=\"color: black; font-family: Verdana,Georgia,Arial;\"><em>Journal Articles (peer-reviewed)<\/em><\/span><\/p>\n<p><span style=\"color: black; font-family: Verdana,Georgia,Arial;\">2013. \u2018Joining Ethnography and History in Cultural Competence Training\u2019. Culture, Medicine, and Psychiatry 37(2): DOI 10.1007\/s11013-013-9315-1 <a href=\"http:\/\/link.springer.com\/article\/10.1007\/s11013-013-9315-1\">http:\/\/link.springer.com\/article\/10.1007\/s11013-013-9315-1 <\/a><\/span><\/p>\n<p><span style=\"color: black; font-family: Verdana,Georgia,Arial;\">2010. (with Secil Akinci &amp; Nedim Soydan) \u2018Culture and Healthcare in Medical Education: Migrants&#8217; Health and Beyond\u2019. GMS Zeitschrift f\u00fcr Medizinische Ausbildung 27(3): Doc41. [<a href=\"http:\/\/www.egms.de\/static\/pdf\/journals\/zma\/2010-27\/zma000678.pdf\">Download: externer Link: GMS Z Med Ausb., 188KB<\/a>]<\/span><\/p>\n<p><span style=\"color: black; font-family: Verdana,Georgia,Arial;\">2010. (with Oswaldo Salaverry) \u2018M. Kuczynski-Godard (1890-1967): Fotograf\u00edas m\u00e9dico-antropol\u00f3gicas de la Amazon\u00eda y de los Andes peruanos, 1938-1948\u2019. Revista Peruana de Medicina Experimental y Salud P\u00fablica 2010; 27(1): 146-150. [<a href=\"http:\/\/http:\/\/www.uni-giessen.de\/cms\/fbz\/fb11\/institute\/histor\/mitarbeiter\/knipper\/resolveuid\/4f805fe1944b0dd24f4b7f0f22055802\">Download Artikel: pdf\/ 1,9 MB<\/a>]<\/span><\/p>\n<p><span style=\"color: black; font-family: Verdana,Georgia,Arial;\">2010. \u2018M\u00e1s all\u00e1 de lo ind\u00edgena: salud e interculturalidad a nivel global\u2019. Revista Peruana de Medicina Experimental y Salud P\u00fablica 2010; 27(1): 94-101. [<a href=\"http:\/\/www.uni-giessen.de\/cms\/fbz\/fb11\/institute\/histor\/mitarbeiter\/knipper\/resolveuid\/4019475cdf50b1d2c8b4a8983e8d5f7e\">Download<\/a>]<\/span><\/p>\n<p><span style=\"color: black; font-family: Verdana,Georgia,Arial;\">2010. (with Conny Seeleman &amp; Marie-Louise Essik-Bot) \u2018How should ethnic diversity be represented in medical curricula? A plea for systematic cultural competency training\u2019. In: GMS Zeitschrift f\u00fcr Medizinische Ausbildung 2010;27(2):Doc26 \/ Netherlands Journal of Medical Education\/Tijdschrift voor Medisch Onderwijs 2010:29(1): 54-60. [<a href=\"http:\/\/www.egms.de\/static\/pdf\/journals\/zma\/2010-27\/zma000663.pdf\">Download<\/a>]<\/span><\/p>\n<p><span style=\"color: black; font-family: Verdana,Georgia,Arial;\">2009. \u2018Antropolog\u00eda y \u201ccrisis de la medicina\u201d: el pat\u00f3logo M. Kuczynski-Godard (1890-1967) y las poblaciones nativas en Asia Central y Per\u00fa\u2019. DYNAMIS. Acta Hispanica ad Medicinae Scientiarumque Historiam Illustrandam 29, 2009: 97-121. [<a href=\"http:\/\/www.uni-giessen.de\/cms\/fbz\/fb11\/institute\/histor\/mitarbeiter\/knipper\/resolveuid\/1a38f643388e61b779f00155f11e58d0\">descargar, pdf, 180KB<\/a>]<\/span><\/p>\n<p><span style=\"color: black; font-family: Verdana,Georgia,Arial;\"><em>Chapters in Edited Books<\/em><\/span><\/p>\n<p><span style=\"color: black; font-family: Verdana,Georgia,Arial;\">2010. \u2018Traditionelle Medizin als strategische Ressource in Ecuador. Indianische Heilkunde im Kontext\u2019. In: Dilger, Hansj\u00f6rg and Bernhard Hadolt (eds.): Medizin im Kontext. Krankheit und Gesundheit in einer vernetzen Welt. pp. 193-212. Frankfurt a.M.: Peter Lang.<\/span><\/p>\n<p><span style=\"color: black; font-family: Verdana,Georgia,Arial;\">2009. (with Verena Dannhardt) \u201830 A\u00f1os de Cirug\u00eda en la Amazon\u00eda Ecuatoriana. Las Experiencias del Dr. Manuel Amun\u00e1rriz y la Medicina Intercultural\u2019. In: Fern\u00e1ndez Ju\u00e1rez, Gerardo (Ed.): Salud e Interculturalidad en Am\u00e9rica Latina. Pr\u00e1cticas Quir\u00fargicas y Pueblos Originarios. pp. 203-217. Quito: Ed. Abya-Yala.<\/span><\/p>\n<p><span style=\"color: black; font-family: Verdana,Georgia,Arial;\">2006. \u2018El reto de la \u201cmedicina intercultural\u201d y la historia de la \u201cmedicina tradicional\u201d ind\u00edgena contempor\u00e1nea\u2019. In: Gerardo Fern\u00e1ndez Ju\u00e1rez (Coord.): Salud e Interculturalidad en Am\u00e9rica Latina. Antropolog\u00eda de la salud y cr\u00edtica intercultural. pp. 413-432. Quito\/Ecuador: Abya Yala.<\/span><\/p>\n<p><span style=\"color: black; font-family: Verdana,Georgia,Arial;\">2005. \u2018Self, soul and intravenous infusion: medical pluralism and the concept of samay among the Naporuna in Ecuador\u2019. In: Johannessen, Helle and Imre Lazar (eds.): Multiple medical realities. Patients and healers in biomedical, alternative and traditional medicine. pp. 238-261. Oxford\/New York: Berghahn.<\/span><\/p>\n<p><span style=\"color: black; font-family: Verdana,Georgia,Arial;\">2003. \u2018Was ist \u201cKrankheit\u201d? &#8211; Anmerkungen zur transkulturellen Anwendung des wissenschaftlichen Krankheitsbegriffs\u2019. In: H\u00f6rbst, Viola and Angelika Wolf (eds.): Medizin und Globalisierung: Universelle Anspr\u00fcche &#8211; lokale Antworten. pp. 153-175. M\u00fcnster: LIT Verlag.<\/span><\/p>\n","protected":false},"excerpt":{"rendered":"<p>Michael.Knipper[at]histor.med.uni-giessen.de M.D., Ph.D (Habilitation, 2010). Clinical Training in Paediatrics and Tropical Medicine. 1997 &#8211; 1999 medical anthropoogical fieldwork in Ecuador. Since 2003: Lecturer for Medical History, Anthropoogy and Ethics at the Institute of the History of Medicine, University of Giessen,&hellip; <\/p>\n","protected":false},"author":1,"featured_media":0,"parent":56,"menu_order":6,"comment_status":"closed","ping_status":"open","template":"","meta":{"footnotes":""},"class_list":["post-131","page","type-page","status-publish","hentry"],"_links":{"self":[{"href":"https:\/\/www.medicalanthropology.de\/english\/wp-json\/wp\/v2\/pages\/131","targetHints":{"allow":["GET"]}}],"collection":[{"href":"https:\/\/www.medicalanthropology.de\/english\/wp-json\/wp\/v2\/pages"}],"about":[{"href":"https:\/\/www.medicalanthropology.de\/english\/wp-json\/wp\/v2\/types\/page"}],"author":[{"embeddable":true,"href":"https:\/\/www.medicalanthropology.de\/english\/wp-json\/wp\/v2\/users\/1"}],"replies":[{"embeddable":true,"href":"https:\/\/www.medicalanthropology.de\/english\/wp-json\/wp\/v2\/comments?post=131"}],"version-history":[{"count":4,"href":"https:\/\/www.medicalanthropology.de\/english\/wp-json\/wp\/v2\/pages\/131\/revisions"}],"predecessor-version":[{"id":702,"href":"https:\/\/www.medicalanthropology.de\/english\/wp-json\/wp\/v2\/pages\/131\/revisions\/702"}],"up":[{"embeddable":true,"href":"https:\/\/www.medicalanthropology.de\/english\/wp-json\/wp\/v2\/pages\/56"}],"wp:attachment":[{"href":"https:\/\/www.medicalanthropology.de\/english\/wp-json\/wp\/v2\/media?parent=131"}],"curies":[{"name":"wp","href":"https:\/\/api.w.org\/{rel}","templated":true}]}}