{"id":1075,"date":"2019-05-10T21:36:54","date_gmt":"2019-05-10T20:36:54","guid":{"rendered":"https:\/\/www.medicalanthropology.de\/english\/?page_id=1075"},"modified":"2022-10-28T10:47:42","modified_gmt":"2022-10-28T09:47:42","slug":"news","status":"publish","type":"page","link":"https:\/\/www.medicalanthropology.de\/english\/","title":{"rendered":"News"},"content":{"rendered":"\n<p><strong>&#8220;<strong>Families Managing Health and Wellbeing in Times of <\/strong>Crisis&#8221;<\/strong><\/p>\n\n\n\n<p>Workshop at the German Anthropological Association\u2019s (DGSKA e.V.) biennial conference \u201cContested Knowlege: Perspectives in Social and Cultural Anthropology\u201d, Ludwig-Maximilians-Universit\u00e4t M\u00fcnchen, 25-28 July 2023<\/p>\n\n\n\n<p>Deadline: 15 December 2022<\/p>\n\n\n\n<p>Please find the Call for Papers <a href=\"https:\/\/www.medicalanthropology.de\/wp-content\/uploads\/1\/2022\/10\/CFP_Families-managing-health-and-wellbeing-in-times-of-crisis_AGMA_Munich-2023.pdf\">HERE<\/a>.<\/p>\n\n\n\n<hr class=\"wp-block-separator has-alpha-channel-opacity\"\/>\n\n\n\n<p><strong>&#8220;Radical Health. Doing Medicine, Health Care, and Anthropology of the Good&#8221;<\/strong><\/p>\n\n\n\n<p>Freie Universit\u00e4t Berlin (online), 24-27 June 2021<\/p>\n\n\n\n<p>Joint International Conference convened by the Work Group Medical Anthropology, the Association for Anthropology and Medicine (AGEM), and the Institute of Social and Cultural Anthropology at Freie Universit\u00e4t Berlin <\/p>\n\n\n\n<p>Please find the Call for Papers <a href=\"https:\/\/www.medicalanthropology.de\/wp-content\/uploads\/1\/2019\/09\/CFP_Radical-Health_Berlin-2020.pdf\">HERE.<\/a><\/p>\n\n\n\n<p>Please find the conference program <a href=\"https:\/\/www.medicalanthropology.de\/english\/wp-content\/uploads\/2\/2021\/06\/Radical-Health_program_2021-06-17.pdf\">HERE<\/a>.<\/p>\n\n\n\n<p>Please find more information on the conference and registration <a href=\"https:\/\/nomadit.co.uk\/radical-health\/\">HERE<\/a>.<\/p>\n\n\n\n<hr class=\"wp-block-separator has-css-opacity\"\/>\n\n\n\n<p>&#8220;<strong>Biochemical afterlives: Industrial metabolism and more-than-human health<\/strong>&#8220;<\/p>\n\n\n\n<p>Workshop at the German Anthropological Association\u2019s (DGSKA e.V.) biennial conference \u201cWorlds. Zones. Atmospheres. Seismographies of the Anthropocene\u201d, University of Bremen, 27-30 September 2021<\/p>\n\n\n\n<p>Deadline: 15 February 2021<\/p>\n\n\n\n<p>Please find the Call for Papers <a href=\"https:\/\/www.medicalanthropology.de\/english\/wp-content\/uploads\/2\/2020\/12\/CFP_Biochemical-afterlives_AGMA_Bremen-2021.pdf\">HERE<\/a>.<\/p>\n\n\n\n<hr class=\"wp-block-separator has-css-opacity\"\/>\n\n\n\n<p><strong>#WitnessingCorona: Call for Blog Contributions<\/strong><\/p>\n\n\n\n<p>In cooperation with <em>Curare: Journal of Medical Anthropology<\/em>, the <em>Global South Studies Center<\/em> of the University of Cologne, and <em>boasblogs <\/em>the Work Group Medical Anthropology has launched the blog series #WitnessingCorona:<\/p>\n\n\n\n<p><a href=\"https:\/\/www.medizinethnologie.net\/witnessing_corona\/\">https:\/\/www.medizinethnologie.net\/<\/a><\/p>\n\n\n\n<p><a href=\"https:\/\/boasblogs.org\/witnessingcorona\/\">https:\/\/boasblogs.org\/witnessingcorona\/<\/a><\/p>\n\n\n\n<p>Please find more information on how to submit a post <a href=\"https:\/\/www.medizinethnologie.net\/witnessing-corona-call-for-blog-contributions\/\">HERE<\/a>.<\/p>\n\n\n\n<hr class=\"wp-block-separator has-css-opacity\"\/>\n\n\n\n<p><\/p>\n\n\n\n<hr class=\"wp-block-separator has-css-opacity\"\/>\n\n\n\n<p><strong>&#8220;Without alternatives?! Challenging political-economic dogmas in the field of health and healing&#8221;<br><\/strong><\/p>\n\n\n\n<p>Workshop of the Work Group Medical Anthropology at the German Anthropological Association (GAA) conference &#8220;The end of negotiations?&#8221; at the University of Konstanz (29 Sept &#8211; 2 Oct 2019).<\/p>\n\n\n\n<p>Please find the workshop program <a href=\"https:\/\/www.medicalanthropology.de\/english\/wp-content\/uploads\/2\/2019\/04\/AGMA_Without-Alternatives_Program_2019-04-10.pdf\">HERE<\/a>.<\/p>\n\n\n\n<hr class=\"wp-block-separator has-css-opacity\"\/>\n\n\n\n<p><strong>&#8220;Exploring ecologies of mind in (mental) health. Eco-pathologies and onto-politics of healing economies&#8221;<br><\/strong><\/p>\n\n\n\n<p>Workshop of the Work Group Medical Anthropology, Freie Universit\u00e4t Berlin, 16-17 May 2019<\/p>\n\n\n\n<p>Please find the workshop program <a href=\"https:\/\/www.medicalanthropology.de\/wp-content\/uploads\/1\/2019\/05\/AG-Medical-Anthropology_Exploring-ecologies-of-mind_program_2019-05-13.docx_..pdf\">HERE.<\/a><\/p>\n\n\n\n<hr class=\"wp-block-separator has-css-opacity\"\/>\n\n\n\n<p><strong>Monographies, edited volumes, and special issues by\/with contributions by our members (since 2012): <\/strong><\/p>\n\n\n\n<p>Mattes, Dominik, Bernhard Hadolt &amp; Brigit Obrist (eds.). 2020.  Rethinking Sociality and Health through Transfiguration. Special Issue, <a rel=\"noreferrer noopener\" href=\"http:\/\/www.medanthrotheory.org\/issue\/vol-7-1\/\" target=\"_blank\">Medicine Anthropology Theory 7(1)<\/a>.<\/p>\n\n\n\n<p>Kehr, Janina, Hansj\u00f6rg Dilger &amp; Peter van Eeuwijk (eds.). 2019.  Transfigurations of Health and the Moral Economy of Medicine:  Subjectivities, Materialities, Values. Special Issue, <a href=\"http:\/\/www.reimer-mann-verlag.de\/controller.php?cmd=detail&amp;titelnummer=661431&amp;verlag=4\">Zeitschrift f\u00fcr Ethnologie 143(1)<\/a>.<\/p>\n\n\n\n<p>Mattes, Dominik. 2019. <a href=\"https:\/\/berghahnbooks.com\/title\/MattesFierce\">Fierce Medicines, Fragile Socialities. Grounding Global HIV Treatment in Tanzania<\/a>. New York, Oxford: Berghahn.<\/p>\n\n\n\n<p>Mattes, Dominik &amp; Hansj\u00f6rg Dilger (eds.). 2018. Im\/Mobilities and Dis\/Connectivities in Medical Globalization: How Global is Global Health? Special Issue, <a href=\"https:\/\/www.tandfonline.com\/toc\/rgph20\/13\/3?nav=tocList\" target=\"_blank\" rel=\"noreferrer noopener\" aria-label=\"Global Public Health 13(3) (opens in a new tab)\">Global Public Health 13(3)<\/a>.<\/p>\n\n\n\n<p>Menzfeld, Mira. 2018. Anthropology of Dying. A Participant Observation with Dying Persons in Germany. Wiesbaden: VS Verlag f\u00fcr Sozialwissenschaften.<\/p>\n\n\n\n<p>Pauli, Julia &amp; R. van Dijk (eds.). 2016. Change and Continuity in Southern African Marriages. Special Issue, Anthropology Southern Africa 39 &amp; 40.<\/p>\n\n\n\n<p>Hansj\u00f6rg Dilger, Susann Huschke &amp; Dominik Mattes (eds.). 2015. <a href=\"http:\/\/www.tandfonline.com\/doi\/abs\/10.1080\/01459740.2014.960565?journalCode=gmea20\">Ethics, Epistemology, and Engagement: Encountering Values in Medical Anthropology<\/a>. Special Issue, Medical Anthropology 34(3).<br><\/p>\n\n\n\n<p>Falge, Christiane. 2015. The Global Nuer. Transnational Life-Worlds, Religious Movements and War. K\u00f6ln: R\u00fcdiger K\u00f6ppe.<\/p>\n\n\n\n<p>Keck, Verena &amp; Dominik Schieder. 2015. Contradictions and Complexities \u2013 Current Perspectives on Pacific Islander Mobilities. Special Issue, Anthropological Forum 25(2).<\/p>\n\n\n\n<p>Kroeker, Lena. 2015. In between Life and Death \u2013 Decision-Making of HIV+ Mothers in Lesotho. M\u00fcnster: LIT.<\/p>\n\n\n\n<p>Strauss, Annika &amp; Marion Linska (eds.). 2015. Selbstreflexion im Kontext medizinethnologischer Langzeitfeldforschung\/Self-reflection in the Context of Long-term Field Research in Medical Anthropology. Special Issue, Curare 38 (1+2).<\/p>\n\n\n\n<p>Schrempf, Mona &amp; Nicola Schneider (eds.). 2015. Women as Visionaries, Healers and Agents of Social Transformation in the Himalayas, Tibet, and Mongolia. Special Issue, Revue d\u2019Etudes Tib\u00e9taines 34 (open access, online).<\/p>\n\n\n\n<p>Beckmann, Nadine, Catrine Christiansen &amp; Alessandro Gusman. 2014. Strings Attached: AIDS and the Rise of Transnational Connections in Africa. Oxford: Oxford University Press.<\/p>\n\n\n\n<p>Rijk van Dijk, Hansj\u00f6rg Dilger, Marian Burchardt &amp; Thera Rasing (eds.). 2014. <a href=\"http:\/\/www.ashgate.com\/isbn\/9781409456698\" target=\"_blank\" rel=\"noreferrer noopener\">Religion and AIDS Treatment in Africa: Saving Souls, Prolonging Lives.<\/a> London: Ashgate.<br><\/p>\n\n\n\n<p>Kastner, Kristin. 2014. Zwischen Suffering und Styling. Die lange Reise nigerianischer Migrantinnen nach Europa. M\u00fcnster: LIT.<\/p>\n\n\n\n<p>Menzfeld, Mira, Sabine Damir-Geilsdorf &amp; Michaela Pelican (eds.). 2014. Islam und Sport: Einblicke in das interdisziplin\u00e4re Forschungs- und Lehrprojekt \u201aEthnographie vor der Haust\u00fcr\u2018 der Universit\u00e4t zu K\u00f6ln. K\u00f6lner Arbeitspapiere zur Ethnologie, Vol. 5. K\u00f6ln: Institut f\u00fcr Ethnologie, Universit\u00e4t zu K\u00f6ln. <a href=\"http:\/\/ethnologie.phil-fak.uni-koeln.de\/kae.html\">http:\/\/ethnologie.phil-fak.uni-koeln.de\/kae.html<\/a><br><\/p>\n\n\n\n<p>Caroline Meier zu Biesen. 2013. <a href=\"http:\/\/www.campus.de\/buecher-campus-verlag\/wissenschaft\/kulturwissenschaften\/globale_epidemien_lokale_antworten-4456.html\" target=\"_blank\" rel=\"noreferrer noopener\">Globale Epidemien \u2013 lokale Antworten. Eine Ethnographie der Heilpflanze Artemisia annua in Tansania.<\/a> Frankfurt\/New York: Campus Verlag.<br><\/p>\n\n\n\n<p>Kurz, Helmar. 2012. Performanz und Modernit\u00e4t im brasilianischen Candombl\u00e9: Eine Interpretation. Hamburg: Kovac.<\/p>\n\n\n\n<p>Redder Angelika, Julia Pauli, Ronald Kie\u00dfling, Kristin B\u00fchrig, Bernhard Brehmer, Ingrid Breckner &amp; Jannis Androutsopoulos. 2013. Mehrsprachige Kommunikation in der Stadt. Das Beispiel Hamburg. M\u00fcnster: Waxmann.<\/p>\n\n\n\n<p>Hansj\u00f6rg Dilger, Abdoulaye Kane &amp; Stacey Langwick (eds.). 2012. <a href=\"http:\/\/www.iupress.indiana.edu\/product_info.php?products_id=783851\" target=\"_blank\" rel=\"noreferrer noopener\">Medicine, Mobility, and Power in Global Africa: Transnational Health and Healing<\/a>. Bloomington: Indiana University Press.<\/p>\n\n\n\n<p>Falge, Christiane, Carlo Ruzza &amp; Oliver Schmidtke. 2012. Migrants and Health: Political and Institutional Responses to Cultural Diversity in Health Systems. Farnham: Ashgate.<\/p>\n\n\n\n<p>H\u00fclshoff, Thomas. 2012. Emotionen. Eine Einf\u00fchrung f\u00fcr beratende, therapeutische, p\u00e4dagogische und soziale Berufe. Reinhardt, M\u00fcnchen, Basel: UTB.<\/p>\n\n\n\n<p>Kastner, Kristin &amp; Hans Peter Hahn (eds.). 2012. Urban Life-Worlds in Motion. African Perspectives. Bielefeld: transcript.<\/p>\n\n\n\n<p>Menzfeld, Mira. 2012. Pilgerreisen und Communitas nach V.W.Turner. M\u00fcnchen: GRIN.<\/p>\n","protected":false},"excerpt":{"rendered":"<p>&#8220;Families Managing Health and Wellbeing in Times of Crisis&#8221; Workshop at the German Anthropological Association\u2019s (DGSKA e.V.) biennial conference \u201cContested Knowlege: Perspectives in Social and Cultural Anthropology\u201d, Ludwig-Maximilians-Universit\u00e4t M\u00fcnchen, 25-28 July 2023 Deadline: 15 December 2022 Please find the Call&hellip; <\/p>\n","protected":false},"author":37,"featured_media":0,"parent":0,"menu_order":1,"comment_status":"closed","ping_status":"closed","template":"","meta":{"footnotes":""},"class_list":["post-1075","page","type-page","status-publish","hentry"],"_links":{"self":[{"href":"https:\/\/www.medicalanthropology.de\/english\/wp-json\/wp\/v2\/pages\/1075","targetHints":{"allow":["GET"]}}],"collection":[{"href":"https:\/\/www.medicalanthropology.de\/english\/wp-json\/wp\/v2\/pages"}],"about":[{"href":"https:\/\/www.medicalanthropology.de\/english\/wp-json\/wp\/v2\/types\/page"}],"author":[{"embeddable":true,"href":"https:\/\/www.medicalanthropology.de\/english\/wp-json\/wp\/v2\/users\/37"}],"replies":[{"embeddable":true,"href":"https:\/\/www.medicalanthropology.de\/english\/wp-json\/wp\/v2\/comments?post=1075"}],"version-history":[{"count":21,"href":"https:\/\/www.medicalanthropology.de\/english\/wp-json\/wp\/v2\/pages\/1075\/revisions"}],"predecessor-version":[{"id":1146,"href":"https:\/\/www.medicalanthropology.de\/english\/wp-json\/wp\/v2\/pages\/1075\/revisions\/1146"}],"wp:attachment":[{"href":"https:\/\/www.medicalanthropology.de\/english\/wp-json\/wp\/v2\/media?parent=1075"}],"curies":[{"name":"wp","href":"https:\/\/api.w.org\/{rel}","templated":true}]}}